{"id":44,"date":"2024-09-17T09:13:51","date_gmt":"2024-09-17T09:13:51","guid":{"rendered":"https:\/\/localpharma.be\/?page_id=44"},"modified":"2026-04-17T12:43:41","modified_gmt":"2026-04-17T12:43:41","slug":"ruckzug_und_ruckgabe","status":"publish","type":"page","link":"https:\/\/localpharma.be\/de\/ruckzug_und_ruckgabe\/","title":{"rendered":"Widerrufsrecht"},"content":{"rendered":"<section>\n<h2>Aus\u00fcbung des Widerrufsrechts<\/h2>\n<p><strong>Als Verbraucher haben Sie ab dem Tag der Lieferung des Produkts eine Frist von vierzehn (14) Kalendertagen, um ohne Angabe von Gr\u00fcnden und ohne Vertragsstrafe vom Vertrag zur\u00fcckzutreten.<\/strong>, gem\u00e4\u00df Artikel VI.47 des Wirtschaftsgesetzbuches.<\/p>\n<p>Zur Aus\u00fcbung dieses Rechts kann der Kunde:<\/p>\n<ul>\n<li>F\u00fcllen Sie das beigef\u00fcgte Auszahlungsformular aus und senden Sie es direkt \u00fcber die Online-Auszahlungsfunktion auf unserer Website ab (empfohlen und ab dem 19. Juni 2026 obligatorisch). ;<\/li>\n<li>oder senden Sie es per Post an die Adresse Rue d&#039;Houdeng 224, 7070 Le Roeulx; ;<\/li>\n<li>oder per E-Mail an info@localpharma.be.<\/li>\n<\/ul>\n<\/section>\n<section>\n<h2>R\u00fcckgabe- und Erstattungsbedingungen<\/h2>\n<p>Die Produkte m\u00fcssen innerhalb von vierzehn (14) Kalendertagen nach Mitteilung des Widerrufs in ihrem Originalzustand (unbesch\u00e4digte Verpackung, mit allen Anleitungen und Dokumentationen) an dieselbe Adresse zur\u00fcckgesendet werden. Andernfalls erlischt das Widerrufsrecht. Der Kunde tr\u00e4gt die unmittelbaren Kosten der R\u00fccksendung.<\/p>\n<p>LOCALPHARMA erstattet alle erhaltenen Zahlungen, einschlie\u00dflich der Standardversandkosten, innerhalb von 14 Tagen nach Eingang der Stornierungsmitteilung (oder des R\u00fccksendenachweises). Zus\u00e4tzliche Kosten f\u00fcr teurere Versandarten werden nicht erstattet.<\/p>\n<p>Der Kunde haftet nur f\u00fcr einen etwaigen Wertverlust der Ware, der auf eine andere Behandlung als die zur Feststellung der Beschaffenheit, der Eigenschaften und der ordnungsgem\u00e4\u00dfen Funktionsweise der Produkte notwendige Behandlung zur\u00fcckzuf\u00fchren ist.<\/p>\n<\/section>\n<section>\n<h2>Ausnahmen vom Widerrufsrecht<\/h2>\n<p><strong>Das Widerrufsrecht gilt f\u00fcr Arzneimittel und Medizinprodukte vor der Auslieferung.<\/strong><\/p>\n<p>Gem\u00e4\u00df Artikel VI.53, 4\u00b0 und 5\u00b0 des Wirtschaftsgesetzbuches kann es nicht ausge\u00fcbt werden f\u00fcr:<\/p>\n<ul>\n<li>die Lieferung von Waren, die schnell verderben oder ablaufen k\u00f6nnen; ;<\/li>\n<li>Die Lieferung versiegelter Waren, die aus Gr\u00fcnden des Gesundheitsschutzes oder der Hygiene nicht zur\u00fcckgegeben werden k\u00f6nnen und die vom Verbraucher nach der Lieferung entsiegelt wurden.<\/li>\n<\/ul>\n<p>Mit anderen Worten: Sobald der Kunde die Arzneimittel und\/oder Medizinprodukte erhalten hat, kann das Widerrufsrecht nicht mehr ausge\u00fcbt werden.<\/p>\n<\/section>","protected":false},"excerpt":{"rendered":"<p>Exercice du droit de r\u00e9tractation En tant que Client consommateur, vous disposez d\u2019un d\u00e9lai de quatorze (14) jours calendaires \u00e0 compter du jour de la livraison du Produit pour vous r\u00e9tracter du contrat sans p\u00e9nalit\u00e9 et sans justification, conform\u00e9ment \u00e0 l\u2019article VI.47 du Code de droit \u00e9conomique. Pour exercer ce droit, le Client peut : [&hellip;]<\/p>\n","protected":false},"author":1,"featured_media":0,"parent":0,"menu_order":0,"comment_status":"closed","ping_status":"closed","template":"","meta":{"footnotes":""},"class_list":["post-44","page","type-page","status-publish","hentry"],"yoast_head":"<!-- This site is optimized with the Yoast SEO plugin v27.5 - https:\/\/yoast.com\/product\/yoast-seo-wordpress\/ -->\n<title>Droit de r\u00e9tractation | LocalPharma<\/title>\n<meta name=\"robots\" content=\"index, follow, max-snippet:-1, max-image-preview:large, max-video-preview:-1\" \/>\n<link rel=\"canonical\" href=\"https:\/\/localpharma.be\/de\/ruckzug_und_ruckgabe\/\" \/>\n<meta property=\"og:locale\" content=\"de_DE\" \/>\n<meta property=\"og:type\" content=\"article\" \/>\n<meta property=\"og:title\" content=\"Droit de r\u00e9tractation | LocalPharma\" \/>\n<meta property=\"og:description\" content=\"Exercice du droit de r\u00e9tractation En tant que Client consommateur, vous disposez d\u2019un d\u00e9lai de quatorze (14) jours calendaires \u00e0 compter du jour de la livraison du Produit pour vous r\u00e9tracter du contrat sans p\u00e9nalit\u00e9 et sans justification, conform\u00e9ment \u00e0 l\u2019article VI.47 du Code de droit \u00e9conomique. Pour exercer ce droit, le Client peut : [&hellip;]\" \/>\n<meta property=\"og:url\" content=\"https:\/\/localpharma.be\/de\/ruckzug_und_ruckgabe\/\" \/>\n<meta property=\"og:site_name\" content=\"LocalPharma\" \/>\n<meta property=\"article:modified_time\" content=\"2026-04-17T12:43:41+00:00\" \/>\n<meta name=\"twitter:card\" content=\"summary_large_image\" \/>\n<meta name=\"twitter:label1\" content=\"Gesch\u00e4tzte Lesezeit\" \/>\n\t<meta name=\"twitter:data1\" content=\"2\u00a0Minuten\" \/>\n<script type=\"application\/ld+json\" class=\"yoast-schema-graph\">{\"@context\":\"https:\\\/\\\/schema.org\",\"@graph\":[{\"@type\":\"WebPage\",\"@id\":\"https:\\\/\\\/localpharma.be\\\/withdrawal_and_return\\\/\",\"url\":\"https:\\\/\\\/localpharma.be\\\/withdrawal_and_return\\\/\",\"name\":\"Droit de r\u00e9tractation | LocalPharma\",\"isPartOf\":{\"@id\":\"https:\\\/\\\/localpharma.be\\\/#website\"},\"datePublished\":\"2024-09-17T09:13:51+00:00\",\"dateModified\":\"2026-04-17T12:43:41+00:00\",\"breadcrumb\":{\"@id\":\"https:\\\/\\\/localpharma.be\\\/withdrawal_and_return\\\/#breadcrumb\"},\"inLanguage\":\"de\",\"potentialAction\":[{\"@type\":\"ReadAction\",\"target\":[\"https:\\\/\\\/localpharma.be\\\/withdrawal_and_return\\\/\"]}]},{\"@type\":\"BreadcrumbList\",\"@id\":\"https:\\\/\\\/localpharma.be\\\/withdrawal_and_return\\\/#breadcrumb\",\"itemListElement\":[{\"@type\":\"ListItem\",\"position\":1,\"name\":\"Home\",\"item\":\"https:\\\/\\\/localpharma.be\\\/\"},{\"@type\":\"ListItem\",\"position\":2,\"name\":\"Droit de r\u00e9tractation\"}]},{\"@type\":\"WebSite\",\"@id\":\"https:\\\/\\\/localpharma.be\\\/#website\",\"url\":\"https:\\\/\\\/localpharma.be\\\/\",\"name\":\"LocalPharma\",\"description\":\"\",\"potentialAction\":[{\"@type\":\"SearchAction\",\"target\":{\"@type\":\"EntryPoint\",\"urlTemplate\":\"https:\\\/\\\/localpharma.be\\\/?s={search_term_string}\"},\"query-input\":{\"@type\":\"PropertyValueSpecification\",\"valueRequired\":true,\"valueName\":\"search_term_string\"}}],\"inLanguage\":\"de\"}]}<\/script>\n<!-- \/ Yoast SEO plugin. -->","yoast_head_json":{"title":"Widerrufsrecht | LocalPharma","robots":{"index":"index","follow":"follow","max-snippet":"max-snippet:-1","max-image-preview":"max-image-preview:large","max-video-preview":"max-video-preview:-1"},"canonical":"https:\/\/localpharma.be\/de\/ruckzug_und_ruckgabe\/","og_locale":"de_DE","og_type":"article","og_title":"Droit de r\u00e9tractation | LocalPharma","og_description":"Exercice du droit de r\u00e9tractation En tant que Client consommateur, vous disposez d\u2019un d\u00e9lai de quatorze (14) jours calendaires \u00e0 compter du jour de la livraison du Produit pour vous r\u00e9tracter du contrat sans p\u00e9nalit\u00e9 et sans justification, conform\u00e9ment \u00e0 l\u2019article VI.47 du Code de droit \u00e9conomique. Pour exercer ce droit, le Client peut : [&hellip;]","og_url":"https:\/\/localpharma.be\/de\/ruckzug_und_ruckgabe\/","og_site_name":"LocalPharma","article_modified_time":"2026-04-17T12:43:41+00:00","twitter_card":"summary_large_image","twitter_misc":{"Gesch\u00e4tzte Lesezeit":"2\u00a0Minuten"},"schema":{"@context":"https:\/\/schema.org","@graph":[{"@type":"WebPage","@id":"https:\/\/localpharma.be\/withdrawal_and_return\/","url":"https:\/\/localpharma.be\/withdrawal_and_return\/","name":"Widerrufsrecht | LocalPharma","isPartOf":{"@id":"https:\/\/localpharma.be\/#website"},"datePublished":"2024-09-17T09:13:51+00:00","dateModified":"2026-04-17T12:43:41+00:00","breadcrumb":{"@id":"https:\/\/localpharma.be\/withdrawal_and_return\/#breadcrumb"},"inLanguage":"de","potentialAction":[{"@type":"ReadAction","target":["https:\/\/localpharma.be\/withdrawal_and_return\/"]}]},{"@type":"BreadcrumbList","@id":"https:\/\/localpharma.be\/withdrawal_and_return\/#breadcrumb","itemListElement":[{"@type":"ListItem","position":1,"name":"Home","item":"https:\/\/localpharma.be\/"},{"@type":"ListItem","position":2,"name":"Droit de r\u00e9tractation"}]},{"@type":"WebSite","@id":"https:\/\/localpharma.be\/#website","url":"https:\/\/localpharma.be\/","name":"LocalPharma","description":"","potentialAction":[{"@type":"SearchAction","target":{"@type":"EntryPoint","urlTemplate":"https:\/\/localpharma.be\/?s={search_term_string}"},"query-input":{"@type":"PropertyValueSpecification","valueRequired":true,"valueName":"search_term_string"}}],"inLanguage":"de"}]}},"_links":{"self":[{"href":"https:\/\/localpharma.be\/de\/wp-json\/wp\/v2\/pages\/44","targetHints":{"allow":["GET"]}}],"collection":[{"href":"https:\/\/localpharma.be\/de\/wp-json\/wp\/v2\/pages"}],"about":[{"href":"https:\/\/localpharma.be\/de\/wp-json\/wp\/v2\/types\/page"}],"author":[{"embeddable":true,"href":"https:\/\/localpharma.be\/de\/wp-json\/wp\/v2\/users\/1"}],"replies":[{"embeddable":true,"href":"https:\/\/localpharma.be\/de\/wp-json\/wp\/v2\/comments?post=44"}],"version-history":[{"count":1,"href":"https:\/\/localpharma.be\/de\/wp-json\/wp\/v2\/pages\/44\/revisions"}],"predecessor-version":[{"id":2656,"href":"https:\/\/localpharma.be\/de\/wp-json\/wp\/v2\/pages\/44\/revisions\/2656"}],"wp:attachment":[{"href":"https:\/\/localpharma.be\/de\/wp-json\/wp\/v2\/media?parent=44"}],"curies":[{"name":"wp","href":"https:\/\/api.w.org\/{rel}","templated":true}]}}