{"id":50,"date":"2024-09-17T09:20:41","date_gmt":"2024-09-17T09:20:41","guid":{"rendered":"https:\/\/localpharma.be\/?page_id=50"},"modified":"2024-09-17T09:36:48","modified_gmt":"2024-09-17T09:36:48","slug":"unsere-marken","status":"publish","type":"page","link":"https:\/\/localpharma.be\/de\/unsere-marken\/","title":{"rendered":"Unsere Marken"},"content":{"rendered":"<div data-elementor-type=\"wp-page\" data-elementor-id=\"50\" class=\"elementor elementor-50\" data-elementor-post-type=\"page\">\n\t\t\t\t<div class=\"elementor-element elementor-element-47f49a8 e-flex e-con-boxed e-con e-parent\" data-id=\"47f49a8\" data-element_type=\"container\" data-e-type=\"container\" data-settings=\"{&quot;background_background&quot;:&quot;classic&quot;}\">\n\t\t\t\t\t<div class=\"e-con-inner\">\n\t\t\t\t<div class=\"elementor-element elementor-element-985e05f elementor-widget elementor-widget-heading\" data-id=\"985e05f\" data-element_type=\"widget\" data-e-type=\"widget\" data-widget_type=\"heading.default\">\n\t\t\t\t<div class=\"elementor-widget-container\">\n\t\t\t\t\t<h1 class=\"elementor-heading-title elementor-size-default\">Unsere Marken<\/h1>\t\t\t\t<\/div>\n\t\t\t\t<\/div>\n\t\t\t\t<div class=\"elementor-element elementor-element-882a371 elementor-widget elementor-widget-text-editor\" data-id=\"882a371\" data-element_type=\"widget\" data-e-type=\"widget\" data-widget_type=\"text-editor.default\">\n\t\t\t\t<div class=\"elementor-widget-container\">\n\t\t\t\t\t\t\t\t\t<p>3M<br \/>6D Sport<br \/>Abbott<br \/>Accu-Chek<br \/>Accutrend<br \/>ACM<br \/>Activox<br \/>Adaptil<br \/>Adephar<br \/>A-Derma<br \/>Nachbiss<br \/>Luftleben<br \/>Akileine<br \/>Alcon<br \/>Aleppo<br \/>Algotherm<br \/>Alibi<br \/>Allsan<br \/>Alterna<br \/>Altisa<br \/>Alvityl<br \/>Stets<br \/>Amanprana<br \/>Ameda<br \/>Anabox<br \/>Anicur<br \/>Animavital<br \/>Antistax<br \/>Apivita<br \/>Aplazyl<br \/>Apotex<br \/>Aprolis<br \/>Aproten<br \/>Aquatain<br \/>ARAGAN<br \/>Arega<br \/>Arkential<br \/>Arkofluide<br \/>Arkokapseln<br \/>Arkopharma<br \/>Arkoroyal<br \/>Arterin<br \/>Assanis<br \/>Aurea<br \/>Auriga<br \/>Avene<br \/>Advent<br \/>A. Vogel<br \/>Axitrans<br \/>Axodiet<br \/>Babybio<br \/>Bachbl\u00fcten<br \/>Bacilac<br \/>Balneum<br \/>Balsoklas<br \/>Bambix<br \/>Barinutrik<br \/>Bauerfeind<br \/>Bausch &amp; Lomb<br \/>Baxter<br \/>Bayer<br \/>Baygon<br \/>B Braun<br \/>BD<br \/>Bebisol<br \/>Belene<br \/>Sein-Leben \/ Bioleben<br \/>Bepharbel<br \/>Bergasol<br \/>Butter<br \/>Bibi<br \/>L\u00e4tzchen<br \/>Billiebubs<br \/>Billiebubs Babynahrung \u2013 Hafer \u2013 Baby<br \/>Biocodex<br \/>Biocondil<br \/>Biokur<br \/>Biozyt<br \/>Bioderma<br \/>Biolys<br \/>BIOMIL\u00ae<br \/>Babynahrung \u2013 BIO-Babymilch \u2013 Premiummilch<br \/>Bion<br \/>Bional<br \/>Bio\u00f6l<br \/>BIO-\u00d6L<br \/>Biorga<br \/>Biosil<br \/>Biotechnologie<br \/>Biover<br \/>Bioxtra<br \/>Blistex<br \/>Blox<br \/>K\u00f6rperfix<br \/>Bodysol<br \/>Boehringer<br \/>Boiron<br \/>Bonyplus<br \/>BUUM<br \/>Bort<br \/>Bota<br \/>Bpharma<br \/>Braun<br \/>Brigitte Ravel<br \/>Caere<br \/>Canderel<br \/>Careplus<br \/>Caudalie<br \/>CB12<br \/>Celiane<br \/>Hundert reine Hundert<br \/>Cerave<br \/>Cetaphil<br \/>Ceva<br \/>Chapstick<br \/>Chile<br \/>Citrobiotisch<br \/>Claripharm<br \/>Clinell<br \/>Klinisch<br \/>Kliniken<br \/>Colgate<br \/>Compeed<br \/>Zusammenfassung<br \/>Einhaltung<br \/>Zustimmung<br \/>Corega<br \/>Cosmedis<br \/>Cotondou<br \/>Covarmed<br \/>Deckmarke<br \/>Sehnsucht nach Befriedigung<br \/>Curaprox<br \/>Damhert<br \/>Darphin<br \/>Davitamon<br \/>Dax<br \/>Dcure<br \/>Debapharma<br \/>Defatyl<br \/>K\u00f6stlich<br \/>Dentaid<br \/>Dentio<br \/>Deramed<br \/>Dermagor<br \/>Dermalex<br \/>Dermavital<br \/>Dermazyme<br \/>Dermocrem<br \/>Dermolin<br \/>Dermophil<br \/>Dettol<br \/>Dexeryl<br \/>Dexsil<br \/>Dextro Energy<br \/>Difrax<br \/>Disney<br \/>Dodie<br \/>Doliderm<br \/>DOU<br \/>Douxo<br \/>Dr. Brown<br \/>Dr. Ernst<br \/>Dr. Hauschka<br \/>Ducray<br \/>Duracell<br \/>Durex<br \/>Dynaphar<br \/>Ecomil<br \/>Ecovita<br \/>Ecuphar<br \/>Z.B.<br \/>Elgydium<br \/>Beseitigen<br \/>Elmex<br \/>Elusanes<br \/>Energetica Natura<br \/>Enfamil<br \/>Epitakt<br \/>Equipharma<br \/>Etixx<br \/>Eubos<br \/>Eucerin<br \/>Euphia Baby<br \/>Evian<br \/>Evoluderm<br \/>Kosmetik \u2013 Gesichtspflege \u2013 K\u00f6rperpflege \u2013 Haarpflege<br \/>Excilor<br \/>Augenpflege<br \/>Augenpflege<br \/>Fadiamone<br \/>Fagron<br \/>Farabella<br \/>Febelcare<br \/>Filorga<br \/>Fitoform<br \/>Fittydent<br \/>Fixodent<br \/>Flaem<br \/>Foliodress<br \/>Formen und Flammen<br \/>Fortepharma<br \/>Forticare<br \/>Fortimel<br \/>Fresubin<br \/>FSA Chemicals<br \/>Furterer<br \/>Fytobell<br \/>Fytostar<br \/>Galderma<br \/>Galenco<br \/>Galenco Baby<br \/>Gehwol<br \/>Genette<br \/>Geratherm<br \/>Gibaud<br \/>Gilbert<br \/>Weste<br \/>Globale Mediziner<br \/>Glucadol<br \/>Grethers<br \/>Groeneduivel<br \/>Gsk<br \/>Gummi<br \/>Halt<br \/>Hansaplast<br \/>Hartmann<br \/>Heilkr\u00e4uter<br \/>Ferse<br \/>Heimess<br \/>Hallo Kitty<br \/>Herbahelvetica<br \/>Herbalgem<br \/>Kr\u00e4utertinte<br \/>Hermesetas<br \/>Hextril<br \/>Hills-Haustiernahrung<br \/>Honeywell<br \/>Geruch<br \/>Hyseke Biorga<br \/>Inneov<br \/>Interprox<br \/>In den L\u00f6ffel<br \/>www.intothespoon.be<br \/>Iprad<br \/>Iraltone<br \/>Isobetadin<br \/>Isostar<br \/>Ichwei\u00df<br \/>Ixxpharma<br \/>Jaldes<br \/>Johnson &amp; Johnson<br \/>Jordanien<br \/>Jowae<br \/>Kaliptus<br \/>Katima<br \/>Kela<br \/>Kela Veterinaria<br \/>Kendall<br \/>Kilout<br \/>Kineslim<br \/>Klorane<br \/>Kneipp<br \/>Korres<br \/>Kurreform<br \/>Labello<br \/>Lactacyd<br \/>Lactona<br \/>La Gravelline<br \/>Laino<br \/>Lamiderm<br \/>Lansinoh<br \/>La Roche-Posay<br \/>Der Tau<br \/>Lemaire-Entwicklung<br \/>Lepivits<br \/>Die Farben Schwarz<br \/>Das Wunderbare<br \/>Nahrungserg\u00e4nzungsmittel \u2013 Vitamine<br \/>Lierac<br \/>Lebenspflege<br \/>Lisandra<br \/>Listerin<br \/>L&#039;Occitane<br \/>Lohmann Rauscher<br \/>Longiderm<br \/>Loprofin<br \/>Louis Widmer<br \/>Luc &amp; L\u00e9a<br \/>Madaus<br \/>Magnecaps<br \/>Maia<br \/>Hausreinigung \u2013 Hausreinigung \u2013 Nat\u00fcrlich \u2013 Heimpflege<br \/>Mama<br \/>Manix<br \/>Mannavita<br \/>Mannavital<br \/>Manouka<br \/>Meine Provence<br \/>Marcus Rohrer<br \/>Mark V<br \/>McDavid<br \/>Medela<br \/>Medizin<br \/>Medik<br \/>Melapi<br \/>Melisana<br \/>Melvita<br \/>Menophytea<br \/>Merck<br \/>Mereprin<br \/>Meridol<br \/>Metagenik<br \/>Metarelax<br \/>Mikroleben<br \/>Milupa<br \/>Minami<br \/>Miradent<br \/>Mithras<br \/>Mitopik<br \/>Modifast<br \/>Molnlycke<br \/>Mondtasse<br \/>Morser<br \/>Moskito<br \/>Mouskito<br \/>Mustela<br \/>Naiv<br \/>Nailner<br \/>Nein<br \/>NAQI<br \/>Natrena<br \/>Naturaktiv<br \/>Nat\u00fcrliche Energie<br \/>Neocare<br \/>Schmiegen<br \/>Neutrogen<br \/>Neues Nordisches<br \/>Brustwarzen<br \/>Nitradin<br \/>Nivea<br \/>Nobacter<br \/>Nogluten<br \/>Noproten<br \/>Noviderm<br \/>Neu<br \/>Nuby<br \/>Nuflex<br \/>Nuk<br \/>Nutergia<br \/>Nutramigen<br \/>Nutreov Phytea<br \/>Nutricia<br \/>N\u00e4hrstoffreich<br \/>Nutrilon<br \/>Nutrini<br \/>Nutriphyt<br \/>Nutrisan<br \/>Nahrhaft<br \/>Nutrison<br \/>Nuxe<br \/>O7<br \/>Ocal<br \/>Oenobiol<br \/>\u00d6l von Olaz<br \/>Olvarit<br \/>Om3<br \/>Omnibionta<br \/>Omnivit<br \/>Omron<br \/>Oral B<br \/>Oralseven<br \/>Orgel<br \/>Orthonat<br \/>Ortis<br \/>Osteoplus<br \/>Otom<br \/>Oxelio<br \/>Oy<br \/>Verw\u00f6hnt<br \/>Panasonic<br \/>Pannoc<br \/>Pantene Pro<br \/>Para&#039;kito<br \/>Paranix<br \/>Wette<br \/>Parodontax<br \/>Parogencyl<br \/>Patch Pharma<br \/>Petroleum Hahn<br \/>Phakobel<br \/>Pharco<br \/>Pharmaclean<br \/>Pharmagenerix<br \/>Pharmagl\u00e4ser<br \/>Pharmalens<br \/>Pharma Nord<br \/>Pharmaton<br \/>Pharmex<br \/>Philips<br \/>Physalis<br \/>Physiomer<br \/>Phyto<br \/>Phytospezifisch<br \/>Phytosun<br \/>Pierre Fabre<br \/>Pierre Fabre Dermatologie<br \/>Pileje<br \/>Pilsgerichte<br \/>Pilos<br \/>Pistal<br \/>Plou<br \/>Nat\u00fcrliche Waschmittel \u2013 Pflanzliche Waschmittel \u2013 Raumd\u00fcfte \u2013 W\u00e4scheparfums \u2013 W\u00e4scheparf\u00fcm<br \/>Polar<br \/>Mahlzeiten<br \/>Babynahrung \u2013 Kindernahrung \u2013 Bio-Lebensmittel \u2013 Obst \u2013 Gem\u00fcse \u2013 Suppen \u2013 Fleisch \u2013 Fisch \u2013 Milch<br \/>Pranarom<br \/>Pregestimil<br \/>Primavera<br \/>Urzeitlich<br \/>Primel<br \/>Probactiol<br \/>Proceli<br \/>Prodia<br \/>Prodivet<br \/>Promagnor<br \/>PRO-Quelle<br \/>Protefix<br \/>Produkt<br \/>Purasana<br \/>reine Kapselungen<br \/>Puressentiel<br \/>Purol<br \/>Dr\u00fccken<br \/>Q<br \/>QM-Sport<br \/>Qualiphar<br \/>Quies<br \/>Rafys<br \/>Reckitt Benckiser<br \/>Remescar<br \/>Ressourcen<br \/>Revita<br \/>Rumal<br \/>Rickles<br \/>Felsen<br \/>Roger Cavailles<br \/>Roger &amp; Gallet<br \/>Rosies<br \/>Royer<br \/>Rubaxx<br \/>Rubin<br \/>Safesmoke<br \/>Saforelle<br \/>Salzrate<br \/>Hallo<br \/>Sambucol<br \/>Sanas<br \/>Sanavi<br \/>Sanifort Pharma<br \/>Saugella<br \/>Sawes<br \/>Schar<br \/>Scholl<br \/>Schwabe<br \/>Seaderm<br \/>Sebamed<br \/>Sedinal<br \/>Sensodyne<br \/>Sharpsafe<br \/>Silix<br \/>Similia<br \/>Singuladerm<br \/>Sissel<br \/>Sjankara<br \/>Slimdiet<br \/>Jdm<br \/>Smith &amp; Neffe<br \/>Schnarchen<br \/>Solidpharma<br \/>Somatoline Cosmetic<br \/>Etwas<br \/>Soria<br \/>Spenco<br \/>Sportkontrolle<br \/>Sterillium<br \/>Sterop<br \/>Noch eine<br \/>CBD \u2013 Nahrungserg\u00e4nzungsmittel \u2013 Sport \u2013 Vitamine<br \/>Stoko<br \/>Stress pur<br \/>Stil: Wei\u00df<br \/>Superdi\u00e4t<br \/>Superwei\u00df<br \/>SVR<br \/>Syneo<br \/>Takeda<br \/>Talika<br \/>Tampax<br \/>Taranis<br \/>Tempo<br \/>Tempur<br \/>Tena<br \/>Terumo<br \/>Teva<br \/>Thea<br \/>Die Great British Grooming Co.<br \/>Therabel<br \/>Therawissenschaft<br \/>Thuasne<br \/>Tilmann<br \/>T\u00f6nung<br \/>Tippys<br \/>T. Leclerc<br \/>Themarem<br \/>Trenker<br \/>Trisport<br \/>Trovet<br \/>Unda<br \/>Urgo<br \/>Uriage<br \/>Ursapharm<br \/>Valpi<br \/>Vedax<br \/>Veet<br \/>Pflanzenfarbe<br \/>Veinax<br \/>Veroval<br \/>Tierarztauswahl<br \/>\u00dcber Natura<br \/>Vichy<br \/>Vichy Dercos<br \/>Vichy Normaderm<br \/>Vicks<br \/>Virbac<br \/>Sicht<br \/>Vitaflor<br \/>Vitalens<br \/>Vitanutrics<br \/>Vitanza<br \/>Vitaswitch<br \/>Vitis<br \/>Vitry<br \/>Weleda<br \/>Wiegand<br \/>XLS<br \/>Xlsmedical<br \/>Ymea<br \/>Yun<br \/>Zaffranax<br \/>Zafranpure<br \/>Zeitschild<br \/>Zendium<br \/>Zwitsal<\/p>\t\t\t\t\t\t\t\t<\/div>\n\t\t\t\t<\/div>\n\t\t\t\t\t<\/div>\n\t\t\t\t<\/div>\n\t\t\t\t<\/div>","protected":false},"excerpt":{"rendered":"<p>Nos marques 3M6D SportsAbbottAccu ChekAccutrendACMActivoxAdaptilAdepharA-DermaAfterbiteAirlifeAkileineAlconAleppoAlgothermAlibiAllsanAlternaAltisaAlvitylAlwaysAmanpranaAmedaAnaboxAnicurAnimavitalAntistaxApivitaAplazylApotexAprolisAprotenAquatainARAGANAregaArkentialArkofluidesArkogelulesArkopharmaArkoroyalArterinAssanisAureaAurigaAveneAventA. VogelAxitransAxodietBabybioBachflowersBacilacBalneumBalsoclaseBambixBarinutricsBauerfeindBausch &amp; LombBaxterBayerBaygonB BraunBdBebisolBeleneBe-life \/ BiolifeBepharbelBergasolBeurerBibiBibsBilliebubsBilliebubs Alimentation b\u00e9b\u00e9 &#8211; Avoine &#8211; B\u00e9b\u00e9BiocodexBiocondilBiocureBiocyteBiodermaBiolysBIOMIL\u00aeAlimentation b\u00e9b\u00e9 &#8211; Lait b\u00e9b\u00e9 BIO &#8211; lait pr\u00e9niumBionBionalBiooilBIO-OILBiorgaBiosilBiotechnieBioverBioxtraBlistexBloxBody FixBodysolBoehringerBoironBonyplusBOOOMBortBotaBpharmaBraunBrigitte RavelCaereCanderelCareplusCaudalieCB12CelianeCent pur CentCeraveCetaphilCevaChapstickChilineCitrobioticClaripharmClinellCliniqueClinutrenColgateCompeedConcapConformaConsenzaCoregaCosmedisCotondouCovarmedCovermarkCravesatisfyCuraproxDamhertDarphinDavitamonDaxDcureDebapharmaDefatylDelicalDentaidDentioDeramedDermagorDermalexDermavitalDermazymeDermocremDermolinDermophilDettolDexerylDexsilDextro EnergyDifraxDisneyDodieDolidermDOUDouxodr Browndr Ernstdr HauschkaDucrayDuracellDurexDynapharEcomilEcovitaEcupharEGElgydiumEliminElmexElusanesEnergetica NaturaEnfamilEpitactEquipharmaEtixxEubosEucerinEuphia BabyEvianEvoludermCosm\u00e9tique &#8211; Soin visage &#8211; Soin du corps &#8211; Soin des cheveuxExcilorEyecareEye CareFadiamoneFagronFarabellaFebelcareFilorgaFitoformFittydentFixodentFlaemFoliodressFormes &amp; FlammesFortepharmaForticareFortimelFresubinFSA ChemicalsFurtererFytobellFytostarGaldermaGalencoGalenco BabyGehwolGenetteGerathermGibaudGilbertGiletteGlobal MedicsGlucadolGrethersGroeneduivelGskGumHalterHansaplastHartmannHealing HerbsHeelHeimessHellokittyHerbahelveticaHerbalgemHerbatintHermesetasHextrilHills pet nutritionHoneywellhumerHyseke [&hellip;]<\/p>\n","protected":false},"author":1,"featured_media":0,"parent":0,"menu_order":0,"comment_status":"closed","ping_status":"closed","template":"elementor_header_footer","meta":{"footnotes":""},"class_list":["post-50","page","type-page","status-publish","hentry"],"yoast_head":"<!-- This site is optimized with the Yoast SEO plugin v27.3 - https:\/\/yoast.com\/product\/yoast-seo-wordpress\/ -->\n<title>Nos marques | LocalPharma<\/title>\n<meta name=\"robots\" content=\"index, follow, max-snippet:-1, max-image-preview:large, max-video-preview:-1\" \/>\n<link rel=\"canonical\" href=\"https:\/\/localpharma.be\/de\/unsere-marken\/\" \/>\n<meta property=\"og:locale\" content=\"de_DE\" \/>\n<meta property=\"og:type\" content=\"article\" \/>\n<meta property=\"og:title\" content=\"Nos marques | LocalPharma\" \/>\n<meta property=\"og:description\" content=\"Nos marques 3M6D SportsAbbottAccu ChekAccutrendACMActivoxAdaptilAdepharA-DermaAfterbiteAirlifeAkileineAlconAleppoAlgothermAlibiAllsanAlternaAltisaAlvitylAlwaysAmanpranaAmedaAnaboxAnicurAnimavitalAntistaxApivitaAplazylApotexAprolisAprotenAquatainARAGANAregaArkentialArkofluidesArkogelulesArkopharmaArkoroyalArterinAssanisAureaAurigaAveneAventA. VogelAxitransAxodietBabybioBachflowersBacilacBalneumBalsoclaseBambixBarinutricsBauerfeindBausch &amp; LombBaxterBayerBaygonB BraunBdBebisolBeleneBe-life \/ BiolifeBepharbelBergasolBeurerBibiBibsBilliebubsBilliebubs Alimentation b\u00e9b\u00e9 &#8211; Avoine &#8211; B\u00e9b\u00e9BiocodexBiocondilBiocureBiocyteBiodermaBiolysBIOMIL\u00aeAlimentation b\u00e9b\u00e9 &#8211; Lait b\u00e9b\u00e9 BIO &#8211; lait pr\u00e9niumBionBionalBiooilBIO-OILBiorgaBiosilBiotechnieBioverBioxtraBlistexBloxBody FixBodysolBoehringerBoironBonyplusBOOOMBortBotaBpharmaBraunBrigitte RavelCaereCanderelCareplusCaudalieCB12CelianeCent pur CentCeraveCetaphilCevaChapstickChilineCitrobioticClaripharmClinellCliniqueClinutrenColgateCompeedConcapConformaConsenzaCoregaCosmedisCotondouCovarmedCovermarkCravesatisfyCuraproxDamhertDarphinDavitamonDaxDcureDebapharmaDefatylDelicalDentaidDentioDeramedDermagorDermalexDermavitalDermazymeDermocremDermolinDermophilDettolDexerylDexsilDextro EnergyDifraxDisneyDodieDolidermDOUDouxodr Browndr Ernstdr HauschkaDucrayDuracellDurexDynapharEcomilEcovitaEcupharEGElgydiumEliminElmexElusanesEnergetica NaturaEnfamilEpitactEquipharmaEtixxEubosEucerinEuphia BabyEvianEvoludermCosm\u00e9tique &#8211; Soin visage &#8211; Soin du corps &#8211; Soin des cheveuxExcilorEyecareEye CareFadiamoneFagronFarabellaFebelcareFilorgaFitoformFittydentFixodentFlaemFoliodressFormes &amp; FlammesFortepharmaForticareFortimelFresubinFSA ChemicalsFurtererFytobellFytostarGaldermaGalencoGalenco BabyGehwolGenetteGerathermGibaudGilbertGiletteGlobal MedicsGlucadolGrethersGroeneduivelGskGumHalterHansaplastHartmannHealing HerbsHeelHeimessHellokittyHerbahelveticaHerbalgemHerbatintHermesetasHextrilHills pet nutritionHoneywellhumerHyseke [&hellip;]\" \/>\n<meta property=\"og:url\" content=\"https:\/\/localpharma.be\/de\/unsere-marken\/\" \/>\n<meta property=\"og:site_name\" content=\"LocalPharma\" \/>\n<meta property=\"article:modified_time\" content=\"2024-09-17T09:36:48+00:00\" \/>\n<meta name=\"twitter:card\" content=\"summary_large_image\" \/>\n<meta name=\"twitter:label1\" content=\"Gesch\u00e4tzte Lesezeit\" \/>\n\t<meta name=\"twitter:data1\" content=\"1\u00a0Minute\" \/>\n<script type=\"application\/ld+json\" class=\"yoast-schema-graph\">{\"@context\":\"https:\\\/\\\/schema.org\",\"@graph\":[{\"@type\":\"WebPage\",\"@id\":\"https:\\\/\\\/localpharma.be\\\/our-brands\\\/\",\"url\":\"https:\\\/\\\/localpharma.be\\\/our-brands\\\/\",\"name\":\"Nos marques | LocalPharma\",\"isPartOf\":{\"@id\":\"https:\\\/\\\/localpharma.be\\\/#website\"},\"datePublished\":\"2024-09-17T09:20:41+00:00\",\"dateModified\":\"2024-09-17T09:36:48+00:00\",\"breadcrumb\":{\"@id\":\"https:\\\/\\\/localpharma.be\\\/our-brands\\\/#breadcrumb\"},\"inLanguage\":\"de\",\"potentialAction\":[{\"@type\":\"ReadAction\",\"target\":[\"https:\\\/\\\/localpharma.be\\\/our-brands\\\/\"]}]},{\"@type\":\"BreadcrumbList\",\"@id\":\"https:\\\/\\\/localpharma.be\\\/our-brands\\\/#breadcrumb\",\"itemListElement\":[{\"@type\":\"ListItem\",\"position\":1,\"name\":\"Home\",\"item\":\"https:\\\/\\\/localpharma.be\\\/\"},{\"@type\":\"ListItem\",\"position\":2,\"name\":\"Nos marques\"}]},{\"@type\":\"WebSite\",\"@id\":\"https:\\\/\\\/localpharma.be\\\/#website\",\"url\":\"https:\\\/\\\/localpharma.be\\\/\",\"name\":\"LocalPharma\",\"description\":\"\",\"potentialAction\":[{\"@type\":\"SearchAction\",\"target\":{\"@type\":\"EntryPoint\",\"urlTemplate\":\"https:\\\/\\\/localpharma.be\\\/?s={search_term_string}\"},\"query-input\":{\"@type\":\"PropertyValueSpecification\",\"valueRequired\":true,\"valueName\":\"search_term_string\"}}],\"inLanguage\":\"de\"}]}<\/script>\n<!-- \/ Yoast SEO plugin. -->","yoast_head_json":{"title":"Unsere Marken | LocalPharma","robots":{"index":"index","follow":"follow","max-snippet":"max-snippet:-1","max-image-preview":"max-image-preview:large","max-video-preview":"max-video-preview:-1"},"canonical":"https:\/\/localpharma.be\/de\/unsere-marken\/","og_locale":"de_DE","og_type":"article","og_title":"Nos marques | LocalPharma","og_description":"Nos marques 3M6D SportsAbbottAccu ChekAccutrendACMActivoxAdaptilAdepharA-DermaAfterbiteAirlifeAkileineAlconAleppoAlgothermAlibiAllsanAlternaAltisaAlvitylAlwaysAmanpranaAmedaAnaboxAnicurAnimavitalAntistaxApivitaAplazylApotexAprolisAprotenAquatainARAGANAregaArkentialArkofluidesArkogelulesArkopharmaArkoroyalArterinAssanisAureaAurigaAveneAventA. VogelAxitransAxodietBabybioBachflowersBacilacBalneumBalsoclaseBambixBarinutricsBauerfeindBausch &amp; LombBaxterBayerBaygonB BraunBdBebisolBeleneBe-life \/ BiolifeBepharbelBergasolBeurerBibiBibsBilliebubsBilliebubs Alimentation b\u00e9b\u00e9 &#8211; Avoine &#8211; B\u00e9b\u00e9BiocodexBiocondilBiocureBiocyteBiodermaBiolysBIOMIL\u00aeAlimentation b\u00e9b\u00e9 &#8211; Lait b\u00e9b\u00e9 BIO &#8211; lait pr\u00e9niumBionBionalBiooilBIO-OILBiorgaBiosilBiotechnieBioverBioxtraBlistexBloxBody FixBodysolBoehringerBoironBonyplusBOOOMBortBotaBpharmaBraunBrigitte RavelCaereCanderelCareplusCaudalieCB12CelianeCent pur CentCeraveCetaphilCevaChapstickChilineCitrobioticClaripharmClinellCliniqueClinutrenColgateCompeedConcapConformaConsenzaCoregaCosmedisCotondouCovarmedCovermarkCravesatisfyCuraproxDamhertDarphinDavitamonDaxDcureDebapharmaDefatylDelicalDentaidDentioDeramedDermagorDermalexDermavitalDermazymeDermocremDermolinDermophilDettolDexerylDexsilDextro EnergyDifraxDisneyDodieDolidermDOUDouxodr Browndr Ernstdr HauschkaDucrayDuracellDurexDynapharEcomilEcovitaEcupharEGElgydiumEliminElmexElusanesEnergetica NaturaEnfamilEpitactEquipharmaEtixxEubosEucerinEuphia BabyEvianEvoludermCosm\u00e9tique &#8211; Soin visage &#8211; Soin du corps &#8211; Soin des cheveuxExcilorEyecareEye CareFadiamoneFagronFarabellaFebelcareFilorgaFitoformFittydentFixodentFlaemFoliodressFormes &amp; FlammesFortepharmaForticareFortimelFresubinFSA ChemicalsFurtererFytobellFytostarGaldermaGalencoGalenco BabyGehwolGenetteGerathermGibaudGilbertGiletteGlobal MedicsGlucadolGrethersGroeneduivelGskGumHalterHansaplastHartmannHealing HerbsHeelHeimessHellokittyHerbahelveticaHerbalgemHerbatintHermesetasHextrilHills pet nutritionHoneywellhumerHyseke [&hellip;]","og_url":"https:\/\/localpharma.be\/de\/unsere-marken\/","og_site_name":"LocalPharma","article_modified_time":"2024-09-17T09:36:48+00:00","twitter_card":"summary_large_image","twitter_misc":{"Gesch\u00e4tzte Lesezeit":"1\u00a0Minute"},"schema":{"@context":"https:\/\/schema.org","@graph":[{"@type":"WebPage","@id":"https:\/\/localpharma.be\/our-brands\/","url":"https:\/\/localpharma.be\/our-brands\/","name":"Unsere Marken | LocalPharma","isPartOf":{"@id":"https:\/\/localpharma.be\/#website"},"datePublished":"2024-09-17T09:20:41+00:00","dateModified":"2024-09-17T09:36:48+00:00","breadcrumb":{"@id":"https:\/\/localpharma.be\/our-brands\/#breadcrumb"},"inLanguage":"de","potentialAction":[{"@type":"ReadAction","target":["https:\/\/localpharma.be\/our-brands\/"]}]},{"@type":"BreadcrumbList","@id":"https:\/\/localpharma.be\/our-brands\/#breadcrumb","itemListElement":[{"@type":"ListItem","position":1,"name":"Home","item":"https:\/\/localpharma.be\/"},{"@type":"ListItem","position":2,"name":"Nos marques"}]},{"@type":"WebSite","@id":"https:\/\/localpharma.be\/#website","url":"https:\/\/localpharma.be\/","name":"LocalPharma","description":"","potentialAction":[{"@type":"SearchAction","target":{"@type":"EntryPoint","urlTemplate":"https:\/\/localpharma.be\/?s={search_term_string}"},"query-input":{"@type":"PropertyValueSpecification","valueRequired":true,"valueName":"search_term_string"}}],"inLanguage":"de"}]}},"_links":{"self":[{"href":"https:\/\/localpharma.be\/de\/wp-json\/wp\/v2\/pages\/50","targetHints":{"allow":["GET"]}}],"collection":[{"href":"https:\/\/localpharma.be\/de\/wp-json\/wp\/v2\/pages"}],"about":[{"href":"https:\/\/localpharma.be\/de\/wp-json\/wp\/v2\/types\/page"}],"author":[{"embeddable":true,"href":"https:\/\/localpharma.be\/de\/wp-json\/wp\/v2\/users\/1"}],"replies":[{"embeddable":true,"href":"https:\/\/localpharma.be\/de\/wp-json\/wp\/v2\/comments?post=50"}],"version-history":[{"count":0,"href":"https:\/\/localpharma.be\/de\/wp-json\/wp\/v2\/pages\/50\/revisions"}],"wp:attachment":[{"href":"https:\/\/localpharma.be\/de\/wp-json\/wp\/v2\/media?parent=50"}],"curies":[{"name":"wp","href":"https:\/\/api.w.org\/{rel}","templated":true}]}}