{"id":81,"date":"2024-09-17T09:48:22","date_gmt":"2024-09-17T09:48:22","guid":{"rendered":"https:\/\/localpharma.be\/?page_id=81"},"modified":"2024-09-24T18:11:07","modified_gmt":"2024-09-24T18:11:07","slug":"vertraulichkeit","status":"publish","type":"page","link":"https:\/\/localpharma.be\/de\/rechtliches\/vertraulichkeit","title":{"rendered":"LOCALPHARMA-DATENSCHUTZRICHTLINIE"},"content":{"rendered":"<p>In dieser \u201eDatenschutzerkl\u00e4rung\u201c wird erl\u00e4utert, wie wir Ihre Daten verwenden und welche Ma\u00dfnahmen wir ergreifen, um die Vertraulichkeit und Sicherheit auf der Website LOCALPHARMA.be zu wahren<\/p>\n<p><b>Hinweis zu Minderj\u00e4hrigen: Wenn Sie minderj\u00e4hrig (unter 18 Jahre alt) sind, sind Sie nicht berechtigt, unsere Website zu nutzen und wir bitten Sie, uns Ihre personenbezogenen Daten nicht mitzuteilen<\/b>.<\/p>\n<ul>\n<li>Datenverantwortlicher<\/li>\n<\/ul>\n<p>Gem\u00e4\u00df der Europ\u00e4ischen Datenschutzverordnung vom 27. April 2016 (\u201eDSGVO\u201c) ist LOCALPHARMA, eine Gesellschaft mit beschr\u00e4nkter Haftung, deren Hauptsitz sich in 7000 MONS, Avenue Melina Mercouri, Nr. 7 befindet und die bei der Europ\u00e4ischen Zentralbank unter der Nummer 0760.686 registriert ist. 074 ist f\u00fcr die Verarbeitung der personenbezogenen Daten der Benutzer verantwortlich, die auf der Website ein Konto erstellen <a href=\"http:\/\/localpharma.be\/de\/\">www.localpharma.be<\/a> (im Folgenden die \u201eWebsite\u201c).<\/p>\n<p>Die Gesellschaft mit beschr\u00e4nkter Haftung LOCALPHARMA wird im Rahmen dieser Vertraulichkeitsrichtlinie \u201eLOCALPHARMA\u201c genannt.<\/p>\n<ul>\n<li>Die Zwecke der Verarbeitung Ihrer personenbezogenen Daten<\/li>\n<\/ul>\n<p>LOCALPHARMA verarbeitet alle personenbezogenen Daten, die zur Umsetzung der folgenden Hauptaufgaben und Zwecke erforderlich sind:<\/p>\n<ul>\n<li><b>So verwalten Sie Ihre Datei: <\/b>\u00a0LOCALPHARMA muss in der Lage sein, Sie zu kontaktieren, um Ihre Registrierung zu best\u00e4tigen, Ihre Bestellungen und Zahlungen zu verwalten, Werbedienstleistungen anzubieten usw.<\/li>\n<li>Um unseren gesetzlichen Verpflichtungen nachzukommen;<\/li>\n<li><b>F\u00fcr Informationen und Unterst\u00fctzung\u00a0<\/b>Unabh\u00e4ngig davon, ob Sie proaktiv sind oder nicht, k\u00f6nnen unsere Mitarbeiter und andere autorisierte Personen (vorbehaltlich der Vertraulichkeitsverpflichtung) Ihre Daten verwalten, um Sie \u00fcber neue Optionen auf unserer Website zu informieren und Sie bei der Nutzung unserer Dienste zu unterst\u00fctzen.<\/li>\n<li><b>F\u00fcr die gute Verwaltung und Verbesserung unserer Dienstleistungen<\/b>und die Unterdr\u00fcckung von Betrug durch statistische und historische Forschung sowie Sicherheits- und Schutzma\u00dfnahmen f\u00fcr Daten, Eigentum und Personen.<\/li>\n<li><b>Um Ihnen Newsletter zu senden<\/b>\u00a0: Wir verarbeiten Ihre personenbezogenen Daten auch, um Ihnen Marketingnachrichten und Benachrichtigungen zusenden zu k\u00f6nnen. Diese Nachrichten enthalten die neuesten Nachrichten, Rabatte und Aktualisierungen zu unseren Dienstleistungen (per E-Mail), unabh\u00e4ngig vom Format, das zum Teilen dieser Art von Nachrichten (einschlie\u00dflich per E-Mail) verwendet wird. Die Rechtsgrundlage f\u00fcr diese Verarbeitung personenbezogener Daten ist das berechtigte Interesse. Wenn wir Ihnen jedoch Newsletter zusenden, die nicht im Zusammenhang mit den Diensten stehen, die Sie bereits abonniert haben, ist die Rechtsgrundlage Ihre Einwilligung. Jedes Mal, wenn Sie Ihre Einstellungen f\u00fcr den Empfang dieser Art von Nachrichten und Benachrichtigungen \u00e4ndern, k\u00f6nnen Sie sich abmelden, indem Sie auf den Link in der betreffenden Nachricht klicken.<\/li>\n<li>Rechtsgrundlage(n) f\u00fcr die Verarbeitung Ihrer personenbezogenen Daten<\/li>\n<\/ul>\n<p>Gem\u00e4\u00df der DSGVO variieren unsere Rechtsgrundlagen je nach Art der Verarbeitung Ihrer personenbezogenen Daten.<\/p>\n<p>Die Sie betreffenden Rechtsgrundlagen sind folgende:<\/p>\n<ul>\n<li>Gesetzliche Verpflichtungen. In einigen F\u00e4llen ist die Verwendung Ihrer personenbezogenen Daten erforderlich, um rechtliche Anfragen zu erf\u00fcllen (z. B. zur Bearbeitung von Beschwerden von Benutzern oder Beh\u00f6rden, zur Einhaltung von Verpflichtungen zur Verhinderung von Geldw\u00e4sche und Terrorismusfinanzierung, zur Buchhaltung usw.).<\/li>\n<li>Vertragsabschluss. Durch den Zugriff auf oder die Nutzung der Website weisen Sie uns an, Ihnen die Dienste gem\u00e4\u00df den Nutzungsbedingungen bereitzustellen. Dazu m\u00fcssen wir einige Ihrer personenbezogenen Daten verarbeiten (z. B. Ihre IP-Adresse, Kontaktdaten und Finanzdaten zur Verwaltung Ihrer Abonnements).<\/li>\n<li>Berechtigtes Interesse. Wir k\u00f6nnen einige Ihrer pers\u00f6nlichen Daten verwenden, wenn wir legitime gesch\u00e4ftliche Gr\u00fcnde daf\u00fcr haben. Wir verwenden diese Informationen, um die Dienste zu betreiben, zu verbessern und zu bewerben (z. B. wenn wir Ihnen einen Newsletter zusenden, der auf einem Dienst basiert, der dem \u00e4hnelt, den Sie bereits abonniert haben).<\/li>\n<li>Zustimmung. In einigen F\u00e4llen m\u00fcssen wir m\u00f6glicherweise Ihre Einwilligung zur Verarbeitung und Nutzung Ihrer personenbezogenen Daten zur Bereitstellung zus\u00e4tzlicher Dienstleistungen einholen. In der Praxis sind wir jedoch nicht dazu verpflichtet, Ihre Einwilligung zu nutzen, au\u00dfer im Hinblick auf die Verwendung von Cookies. In diesem Fall k\u00f6nnen Sie das Cookie entweder direkt auf Grundlage Ihrer Einwilligung deaktivieren oder Ihre Einwilligung widerrufen, indem Sie uns unter der folgenden Adresse kontaktieren: info@localpharma.be.<\/li>\n<li>Art der von LOCALPHARMA verarbeiteten personenbezogenen Daten<\/li>\n<\/ul>\n<p>Nach Ihrer Registrierung auf der Website kann LOCALPHARMA die folgenden personenbezogenen Daten verarbeiten:<\/p>\n<ul>\n<li>Telefonnummer des Benutzers<\/li>\n<li>Vorname und Nachname des Benutzers<\/li>\n<li>Bankdaten zur Zahlung von Produkten;<\/li>\n<li>Die E-Mail-Adresse des Benutzers zum Versenden von Registrierungsbest\u00e4tigungen, Bestellungen, Lieferung von Bestellungen und anderen relevanten Informationen f\u00fcr die oben genannten Zwecke.<\/li>\n<li>Von wem werden Ihre Daten verarbeitet?<\/li>\n<\/ul>\n<p>Alle diese Daten werden von autorisiertem LOCALPHARMA-Personal verarbeitet. Dar\u00fcber hinaus werden IT-Sicherheitsma\u00dfnahmen getroffen, um die Vertraulichkeit, Integrit\u00e4t und Verf\u00fcgbarkeit Ihrer Daten zu gew\u00e4hrleisten.<\/p>\n<p>Ihre personenbezogenen Daten werden auch von unseren Subunternehmern und unseren Partnern verarbeitet.<\/p>\n<p>Wenn Sie auf der URL-Seite unserer Partnerapotheken eine Bestellung aufgeben, akzeptieren Sie, dass diese Partnerapotheken auf Ihre pers\u00f6nlichen Daten zugreifen k\u00f6nnen, um die Bestellung zu best\u00e4tigen und mit der Lieferung des bestellten Produkts fortzufahren.<\/p>\n<ul>\n<li>An wen k\u00f6nnen Ihre Daten weitergegeben werden?<\/li>\n<\/ul>\n<p>Ihre pers\u00f6nlichen Daten k\u00f6nnen mitgeteilt werden:<\/p>\n<ul>\n<li>an Sie selbst und\/oder Ihre gesetzlichen Vertreter (einschlie\u00dflich vorl\u00e4ufiger Verwalter) oder an Ihren Vertreter (Berater, Anwalt, Mediator usw.), der \u00fcber ein Mandat verf\u00fcgt, direkt oder \u00fcber einen Immobilienmakler Ihrer Wahl und auf Ihren Wunsch ;<\/li>\n<li>an unsere Anw\u00e4lte, Gerichtsvollzieher und alle zust\u00e4ndigen Beh\u00f6rden im Falle eines Rechtsstreits<\/li>\n<li>an bpost f\u00fcr den Versand unserer Briefe und Pakete;<\/li>\n<li>an unsere Kuriere;<\/li>\n<li>zu unseren Partnerapotheken<\/li>\n<li>an einen ordnungsgem\u00e4\u00df bevollm\u00e4chtigten Dritten (Gesetz, Vertrag, Genehmigung, Einwilligung)<\/li>\n<\/ul>\n<p>Ihre Daten k\u00f6nnen auch an Personen weitergegeben werden, die in unserem Namen und Auftrag handeln, zur Verarbeitung gem\u00e4\u00df den Zwecken, f\u00fcr die sie erhoben wurden.<\/p>\n<p>Die genaue Identit\u00e4t unserer Subunternehmer wird Ihnen innerhalb einer angemessenen Frist und auf erste Anfrage per E-Mail an info@localpharma.be mitgeteilt<\/p>\n<ul>\n<li>Werden Ihre Daten in L\u00e4nder au\u00dferhalb des EWR \u00fcbermittelt?<\/li>\n<\/ul>\n<p>Eine \u00dcbermittlung Ihrer Daten ins Ausland kann erfolgen, wenn:<\/p>\n<ul>\n<li>zur Durchf\u00fchrung vorvertraglicher Ma\u00dfnahmen erforderlich, die auf Ihre Anfrage erfolgen;<\/li>\n<li>zur Wahrung Ihrer lebenswichtigen Interessen erforderlich;<\/li>\n<li>die f\u00fcr den Abschluss oder die Erf\u00fcllung eines mit einem Dritten geschlossenen oder abzuschlie\u00dfenden Vertrages in Ihrem Interesse erforderlich sind<\/li>\n<li>Oder wenn Sie dem zweifelsfrei zugestimmt haben.<\/li>\n<\/ul>\n<p>Da sich unser Hoster jedoch in der EU befindet, werden Ihre Daten, anders als oben angegeben, nicht au\u00dferhalb des EWR \u00fcbertragen.<\/p>\n<ul>\n<li>Wie lange werden Ihre Daten aufbewahrt?<\/li>\n<\/ul>\n<p>LOCALPHARMA speichert Ihre Daten nur so lange, wie es f\u00fcr die verfolgten Zwecke und im Einklang mit den gesetzlichen Bestimmungen angemessen ist.<\/p>\n<p>Ihre Identifikationsdaten werden ab Ihrer Registrierung auf der Website LOCALPHARMA.be bis f\u00fcnf Jahre nach dem Ende Ihrer Registrierung gespeichert, damit wir Ihnen bei der Wiederherstellung Ihrer Daten helfen k\u00f6nnen, falls Sie sich erneut registrieren m\u00f6chten und um unseren gesetzlichen Verpflichtungen nachzukommen (Einhaltung unserer Archivierungspflichten).<\/p>\n<ul>\n<li>Welche Rechte haben Sie?<\/li>\n<\/ul>\n<p>Gem\u00e4\u00df den gesetzlichen Bestimmungen haben Sie das Recht, eine Best\u00e4tigung dar\u00fcber zu erhalten, dass Ihre Daten von LOCALPHARMA verarbeitet werden, und das Recht, darauf zuzugreifen. Hierzu k\u00f6nnen Sie einen schriftlichen, datierten und unterschriebenen Antrag an senden <a href=\"mailto:info@localpharma.be\">info@localpharma.be<\/a> oder \u00fcber die folgende Postanschrift: LocalPharma, Rue d&#039;Houdeng, 224, 7070, Le Roeulx, indem Sie eine Kopie beider Seiten Ihres Personalausweises beif\u00fcgen.<\/p>\n<p>Sofern Ihre Rechte nicht im Widerspruch zu den gesetzlichen Verpflichtungen stehen, denen LOCALPHARMA unterliegt, haben Sie au\u00dferdem das Recht, hinsichtlich der Sie betreffenden Daten:<\/p>\n<ul>\n<li>die Berichtigung unrichtiger oder unvollst\u00e4ndiger Daten zu verlangen<\/li>\n<li>die L\u00f6schung aller Ihrer bei LOCALPHARMA gespeicherten personenbezogenen Daten zu verlangen;<\/li>\n<li>der Verarbeitung personenbezogener Daten zu widersprechen;<\/li>\n<li>zum digitalen Vergessen (Recht auf L\u00f6schung)<\/li>\n<li>die Einschr\u00e4nkung der Verarbeitung Ihrer personenbezogenen Daten zu erwirken;<\/li>\n<li>keiner automatisierten Entscheidung, einschlie\u00dflich Profiling, unterworfen zu werden;<\/li>\n<\/ul>\n<p>Bei Meinungsverschiedenheiten haben Sie jederzeit die M\u00f6glichkeit, sich an die Datenschutzbeh\u00f6rde (Aufsichtsbeh\u00f6rde) mit Sitz in der Rue de la Presse 35 in 1000 Br\u00fcssel oder \u00fcber die Website zu wenden <a href=\"https:\/\/www.autoriteprotectiondonnees.be\/\">www.autoriteprotectiondonnees.be<\/a><\/p>\n<ul>\n<li>K\u00f6nnen Sie Ihre Einwilligung widerrufen?<\/li>\n<\/ul>\n<p>F\u00fcr den Fall, dass die Verarbeitung Ihrer Daten auf Ihrer Einwilligung beruht, haben Sie das Recht, Ihre Einwilligung jederzeit und ohne Angabe von Gr\u00fcnden zu widerrufen, indem Sie eine E-Mail an info@localpharma.be senden.<\/p>\n<ul>\n<li>\u00c4nderungen der Datenschutzrichtlinie<\/li>\n<\/ul>\n<p>Wir behalten uns das Recht vor, diese Vertraulichkeitsrichtlinie zu \u00e4ndern, um den aktuellen Datenschutzgesetzen zu entsprechen oder sie an unsere Praktiken anzupassen.<\/p>\n<p>Wir laden Sie daher ein, diese regelm\u00e4\u00dfig zu konsultieren, um \u00fcber etwaige \u00c4nderungen informiert zu sein. Neue Versionen werden auf unsere Website hochgeladen, wobei das Datum im letzten Absatz aktualisiert wird.<\/p>\n<p>Ohne Ihre vorherige Zustimmung werden wir keine \u00c4nderungen vornehmen, die das in dieser Datenschutzrichtlinie garantierte Schutzniveau Ihrer Rechte beeintr\u00e4chtigen k\u00f6nnten.<\/p>","protected":false},"excerpt":{"rendered":"<p>La pr\u00e9sente \u00ab Politique de confidentialit\u00e9 \u00bb vous explique la mani\u00e8re dont nous utilisons vos donn\u00e9es, ainsi que les mesures que nous prenons pour en pr\u00e9server la confidentialit\u00e9 et la s\u00e9curit\u00e9 \u00e0 partir du Site\u00a0: LOCALPHARMA.be Note sur les mineurs d\u2019\u00e2ge : Si vous \u00eates mineur (\u00e2g\u00e9s de moins de 18 ans), vous n\u00b4\u00eates pas [&hellip;]<\/p>\n","protected":false},"author":1,"featured_media":0,"parent":0,"menu_order":0,"comment_status":"closed","ping_status":"closed","template":"","meta":{"footnotes":""},"class_list":["post-81","page","type-page","status-publish","hentry"],"yoast_head":"<!-- This site is optimized with the Yoast SEO plugin v27.3 - https:\/\/yoast.com\/product\/yoast-seo-wordpress\/ -->\n<title>POLITIQUE DE CONFIDENTIALITE LOCALPHARMA | LocalPharma<\/title>\n<meta name=\"robots\" content=\"index, follow, max-snippet:-1, max-image-preview:large, max-video-preview:-1\" \/>\n<link rel=\"canonical\" href=\"https:\/\/localpharma.be\/de\/rechtliches\/vertraulichkeit\/\" \/>\n<meta property=\"og:locale\" content=\"de_DE\" \/>\n<meta property=\"og:type\" content=\"article\" \/>\n<meta property=\"og:title\" content=\"POLITIQUE DE CONFIDENTIALITE LOCALPHARMA | LocalPharma\" \/>\n<meta property=\"og:description\" content=\"La pr\u00e9sente \u00ab Politique de confidentialit\u00e9 \u00bb vous explique la mani\u00e8re dont nous utilisons vos donn\u00e9es, ainsi que les mesures que nous prenons pour en pr\u00e9server la confidentialit\u00e9 et la s\u00e9curit\u00e9 \u00e0 partir du Site\u00a0: LOCALPHARMA.be Note sur les mineurs d\u2019\u00e2ge : Si vous \u00eates mineur (\u00e2g\u00e9s de moins de 18 ans), vous n\u00b4\u00eates pas [&hellip;]\" \/>\n<meta property=\"og:url\" content=\"https:\/\/localpharma.be\/de\/rechtliches\/vertraulichkeit\/\" \/>\n<meta property=\"og:site_name\" content=\"LocalPharma\" \/>\n<meta property=\"article:modified_time\" content=\"2024-09-24T18:11:07+00:00\" \/>\n<meta name=\"twitter:card\" content=\"summary_large_image\" \/>\n<meta name=\"twitter:label1\" content=\"Gesch\u00e4tzte Lesezeit\" \/>\n\t<meta name=\"twitter:data1\" content=\"8\u00a0Minuten\" \/>\n<script type=\"application\/ld+json\" class=\"yoast-schema-graph\">{\"@context\":\"https:\\\/\\\/schema.org\",\"@graph\":[{\"@type\":\"WebPage\",\"@id\":\"https:\\\/\\\/localpharma.be\\\/legal\\\/confidentiality\\\/\",\"url\":\"https:\\\/\\\/localpharma.be\\\/legal\\\/confidentiality\\\/\",\"name\":\"POLITIQUE DE CONFIDENTIALITE LOCALPHARMA | LocalPharma\",\"isPartOf\":{\"@id\":\"https:\\\/\\\/localpharma.be\\\/#website\"},\"datePublished\":\"2024-09-17T09:48:22+00:00\",\"dateModified\":\"2024-09-24T18:11:07+00:00\",\"breadcrumb\":{\"@id\":\"https:\\\/\\\/localpharma.be\\\/legal\\\/confidentiality\\\/#breadcrumb\"},\"inLanguage\":\"de\",\"potentialAction\":[{\"@type\":\"ReadAction\",\"target\":[\"https:\\\/\\\/localpharma.be\\\/legal\\\/confidentiality\\\/\"]}]},{\"@type\":\"BreadcrumbList\",\"@id\":\"https:\\\/\\\/localpharma.be\\\/legal\\\/confidentiality\\\/#breadcrumb\",\"itemListElement\":[{\"@type\":\"ListItem\",\"position\":1,\"name\":\"Home\",\"item\":\"https:\\\/\\\/localpharma.be\\\/\"},{\"@type\":\"ListItem\",\"position\":2,\"name\":\"POLITIQUE DE CONFIDENTIALITE LOCALPHARMA\"}]},{\"@type\":\"WebSite\",\"@id\":\"https:\\\/\\\/localpharma.be\\\/#website\",\"url\":\"https:\\\/\\\/localpharma.be\\\/\",\"name\":\"LocalPharma\",\"description\":\"\",\"potentialAction\":[{\"@type\":\"SearchAction\",\"target\":{\"@type\":\"EntryPoint\",\"urlTemplate\":\"https:\\\/\\\/localpharma.be\\\/?s={search_term_string}\"},\"query-input\":{\"@type\":\"PropertyValueSpecification\",\"valueRequired\":true,\"valueName\":\"search_term_string\"}}],\"inLanguage\":\"de\"}]}<\/script>\n<!-- \/ Yoast SEO plugin. -->","yoast_head_json":{"title":"DATENSCHUTZRICHTLINIE LOCALPHARMA","robots":{"index":"index","follow":"follow","max-snippet":"max-snippet:-1","max-image-preview":"max-image-preview:large","max-video-preview":"max-video-preview:-1"},"canonical":"https:\/\/localpharma.be\/de\/rechtliches\/vertraulichkeit\/","og_locale":"de_DE","og_type":"article","og_title":"POLITIQUE DE CONFIDENTIALITE LOCALPHARMA | LocalPharma","og_description":"La pr\u00e9sente \u00ab Politique de confidentialit\u00e9 \u00bb vous explique la mani\u00e8re dont nous utilisons vos donn\u00e9es, ainsi que les mesures que nous prenons pour en pr\u00e9server la confidentialit\u00e9 et la s\u00e9curit\u00e9 \u00e0 partir du Site\u00a0: LOCALPHARMA.be Note sur les mineurs d\u2019\u00e2ge : Si vous \u00eates mineur (\u00e2g\u00e9s de moins de 18 ans), vous n\u00b4\u00eates pas [&hellip;]","og_url":"https:\/\/localpharma.be\/de\/rechtliches\/vertraulichkeit\/","og_site_name":"LocalPharma","article_modified_time":"2024-09-24T18:11:07+00:00","twitter_card":"summary_large_image","twitter_misc":{"Gesch\u00e4tzte Lesezeit":"8\u00a0Minuten"},"schema":{"@context":"https:\/\/schema.org","@graph":[{"@type":"WebPage","@id":"https:\/\/localpharma.be\/legal\/confidentiality\/","url":"https:\/\/localpharma.be\/legal\/confidentiality\/","name":"DATENSCHUTZRICHTLINIE LOCALPHARMA","isPartOf":{"@id":"https:\/\/localpharma.be\/#website"},"datePublished":"2024-09-17T09:48:22+00:00","dateModified":"2024-09-24T18:11:07+00:00","breadcrumb":{"@id":"https:\/\/localpharma.be\/legal\/confidentiality\/#breadcrumb"},"inLanguage":"de","potentialAction":[{"@type":"ReadAction","target":["https:\/\/localpharma.be\/legal\/confidentiality\/"]}]},{"@type":"BreadcrumbList","@id":"https:\/\/localpharma.be\/legal\/confidentiality\/#breadcrumb","itemListElement":[{"@type":"ListItem","position":1,"name":"Home","item":"https:\/\/localpharma.be\/"},{"@type":"ListItem","position":2,"name":"POLITIQUE DE CONFIDENTIALITE LOCALPHARMA"}]},{"@type":"WebSite","@id":"https:\/\/localpharma.be\/#website","url":"https:\/\/localpharma.be\/","name":"LocalPharma","description":"","potentialAction":[{"@type":"SearchAction","target":{"@type":"EntryPoint","urlTemplate":"https:\/\/localpharma.be\/?s={search_term_string}"},"query-input":{"@type":"PropertyValueSpecification","valueRequired":true,"valueName":"search_term_string"}}],"inLanguage":"de"}]}},"_links":{"self":[{"href":"https:\/\/localpharma.be\/de\/wp-json\/wp\/v2\/pages\/81","targetHints":{"allow":["GET"]}}],"collection":[{"href":"https:\/\/localpharma.be\/de\/wp-json\/wp\/v2\/pages"}],"about":[{"href":"https:\/\/localpharma.be\/de\/wp-json\/wp\/v2\/types\/page"}],"author":[{"embeddable":true,"href":"https:\/\/localpharma.be\/de\/wp-json\/wp\/v2\/users\/1"}],"replies":[{"embeddable":true,"href":"https:\/\/localpharma.be\/de\/wp-json\/wp\/v2\/comments?post=81"}],"version-history":[{"count":0,"href":"https:\/\/localpharma.be\/de\/wp-json\/wp\/v2\/pages\/81\/revisions"}],"wp:attachment":[{"href":"https:\/\/localpharma.be\/de\/wp-json\/wp\/v2\/media?parent=81"}],"curies":[{"name":"wp","href":"https:\/\/api.w.org\/{rel}","templated":true}]}}