{"id":100,"date":"2024-09-17T09:58:28","date_gmt":"2024-09-17T09:58:28","guid":{"rendered":"https:\/\/localpharma.be\/?page_id=100"},"modified":"2024-09-24T18:09:15","modified_gmt":"2024-09-24T18:09:15","slug":"juridisch-juridische_vermeldingen","status":"publish","type":"page","link":"https:\/\/localpharma.be\/nl_be\/juridisch\/juridische_vermeldingen","title":{"rendered":"Juridische informatie"},"content":{"rendered":"<p><strong>LocalPharma NV<\/strong><br \/>\nRue d&#039;Houdeng 224<br \/>\n7100 Le Roeulx<br \/>\nBelgi\u00eb<\/p>\n<p>E-mail: <a href=\"mailto:info@localpharma.be\">info@localpharma.be<\/a><\/p>\n<p>Telefoonnummer: +32 64 47 02 85<\/p>\n<p>Bedrijfsnummer: BE0760 686 074<\/p>\n<p>Bankrekeningnummer: IBAN BE85 3632 0656 7806 BIC BBRUBEBB<\/p>\n<p>Wettelijke vertegenwoordiger: Fr\u00e9d\u00e9ric Brasseur<\/p>","protected":false},"excerpt":{"rendered":"<p>LocalPharma NV Rue d&#039;Houdeng 224 7100 Le Roeulx Belgi\u00eb E-mail: info@localpharma.be Telefoonnummer: +32 64 47 02 85 Bedrijfsnummer: BE0760 686 074 Bankrekeningnummer: IBAN BE85 3632 0656 7806 BIC BBRUBEBB Wettelijke vertegenwoordiger: Fr\u00e9d\u00e9ric Brasseur<\/p>","protected":false},"author":1,"featured_media":0,"parent":0,"menu_order":0,"comment_status":"closed","ping_status":"closed","template":"","meta":{"footnotes":""},"class_list":["post-100","page","type-page","status-publish","hentry"],"yoast_head":"<!-- This site is optimized with the Yoast SEO plugin v27.3 - https:\/\/yoast.com\/product\/yoast-seo-wordpress\/ -->\n<title>Informations l\u00e9gales | LocalPharma<\/title>\n<meta name=\"robots\" content=\"index, follow, max-snippet:-1, max-image-preview:large, max-video-preview:-1\" \/>\n<link rel=\"canonical\" href=\"https:\/\/localpharma.be\/nl_be\/juridisch\/juridische_vermeldingen\/\" \/>\n<meta property=\"og:locale\" content=\"nl_BE\" \/>\n<meta property=\"og:type\" content=\"article\" \/>\n<meta property=\"og:title\" content=\"Informations l\u00e9gales | LocalPharma\" \/>\n<meta property=\"og:description\" content=\"LocalPharma NV Rue d\u2019Houdeng 224 7100 Le Roeulx Belgi\u00eb E-mail : info@localpharma.be Num\u00e9ro de t\u00e9l\u00e9phone : +32 64 47 02 85 Num\u00e9ro d\u2019entreprise : BE0760 686 074 Num\u00e9ro de compte bancaire : IBAN BE85 3632 0656 7806 BIC BBRUBEBB Repr\u00e9sentant l\u00e9gal: Fr\u00e9d\u00e9ric Brasseur\" \/>\n<meta property=\"og:url\" content=\"https:\/\/localpharma.be\/nl_be\/juridisch\/juridische_vermeldingen\/\" \/>\n<meta property=\"og:site_name\" content=\"LocalPharma\" \/>\n<meta property=\"article:modified_time\" content=\"2024-09-24T18:09:15+00:00\" \/>\n<meta name=\"twitter:card\" content=\"summary_large_image\" \/>\n<meta name=\"twitter:label1\" content=\"Geschatte leestijd\" \/>\n\t<meta name=\"twitter:data1\" content=\"1 minuut\" \/>\n<script type=\"application\/ld+json\" class=\"yoast-schema-graph\">{\"@context\":\"https:\\\/\\\/schema.org\",\"@graph\":[{\"@type\":\"WebPage\",\"@id\":\"https:\\\/\\\/localpharma.be\\\/legal\\\/legal_mentions\\\/\",\"url\":\"https:\\\/\\\/localpharma.be\\\/legal\\\/legal_mentions\\\/\",\"name\":\"Informations l\u00e9gales | LocalPharma\",\"isPartOf\":{\"@id\":\"https:\\\/\\\/localpharma.be\\\/#website\"},\"datePublished\":\"2024-09-17T09:58:28+00:00\",\"dateModified\":\"2024-09-24T18:09:15+00:00\",\"breadcrumb\":{\"@id\":\"https:\\\/\\\/localpharma.be\\\/legal\\\/legal_mentions\\\/#breadcrumb\"},\"inLanguage\":\"nl-BE\",\"potentialAction\":[{\"@type\":\"ReadAction\",\"target\":[\"https:\\\/\\\/localpharma.be\\\/legal\\\/legal_mentions\\\/\"]}]},{\"@type\":\"BreadcrumbList\",\"@id\":\"https:\\\/\\\/localpharma.be\\\/legal\\\/legal_mentions\\\/#breadcrumb\",\"itemListElement\":[{\"@type\":\"ListItem\",\"position\":1,\"name\":\"Home\",\"item\":\"https:\\\/\\\/localpharma.be\\\/\"},{\"@type\":\"ListItem\",\"position\":2,\"name\":\"Informations l\u00e9gales\"}]},{\"@type\":\"WebSite\",\"@id\":\"https:\\\/\\\/localpharma.be\\\/#website\",\"url\":\"https:\\\/\\\/localpharma.be\\\/\",\"name\":\"LocalPharma\",\"description\":\"\",\"potentialAction\":[{\"@type\":\"SearchAction\",\"target\":{\"@type\":\"EntryPoint\",\"urlTemplate\":\"https:\\\/\\\/localpharma.be\\\/?s={search_term_string}\"},\"query-input\":{\"@type\":\"PropertyValueSpecification\",\"valueRequired\":true,\"valueName\":\"search_term_string\"}}],\"inLanguage\":\"nl-BE\"}]}<\/script>\n<!-- \/ Yoast SEO plugin. -->","yoast_head_json":{"title":"Juridische informatie","robots":{"index":"index","follow":"follow","max-snippet":"max-snippet:-1","max-image-preview":"max-image-preview:large","max-video-preview":"max-video-preview:-1"},"canonical":"https:\/\/localpharma.be\/nl_be\/juridisch\/juridische_vermeldingen\/","og_locale":"nl_BE","og_type":"article","og_title":"Informations l\u00e9gales | LocalPharma","og_description":"LocalPharma NV Rue d\u2019Houdeng 224 7100 Le Roeulx Belgi\u00eb E-mail : info@localpharma.be Num\u00e9ro de t\u00e9l\u00e9phone : +32 64 47 02 85 Num\u00e9ro d\u2019entreprise : BE0760 686 074 Num\u00e9ro de compte bancaire : IBAN BE85 3632 0656 7806 BIC BBRUBEBB Repr\u00e9sentant l\u00e9gal: Fr\u00e9d\u00e9ric Brasseur","og_url":"https:\/\/localpharma.be\/nl_be\/juridisch\/juridische_vermeldingen\/","og_site_name":"LocalPharma","article_modified_time":"2024-09-24T18:09:15+00:00","twitter_card":"summary_large_image","twitter_misc":{"Geschatte leestijd":"1 minuut"},"schema":{"@context":"https:\/\/schema.org","@graph":[{"@type":"WebPage","@id":"https:\/\/localpharma.be\/legal\/legal_mentions\/","url":"https:\/\/localpharma.be\/legal\/legal_mentions\/","name":"Juridische informatie","isPartOf":{"@id":"https:\/\/localpharma.be\/#website"},"datePublished":"2024-09-17T09:58:28+00:00","dateModified":"2024-09-24T18:09:15+00:00","breadcrumb":{"@id":"https:\/\/localpharma.be\/legal\/legal_mentions\/#breadcrumb"},"inLanguage":"nl-BE","potentialAction":[{"@type":"ReadAction","target":["https:\/\/localpharma.be\/legal\/legal_mentions\/"]}]},{"@type":"BreadcrumbList","@id":"https:\/\/localpharma.be\/legal\/legal_mentions\/#breadcrumb","itemListElement":[{"@type":"ListItem","position":1,"name":"Home","item":"https:\/\/localpharma.be\/"},{"@type":"ListItem","position":2,"name":"Informations l\u00e9gales"}]},{"@type":"WebSite","@id":"https:\/\/localpharma.be\/#website","url":"https:\/\/localpharma.be\/","name":"Lokale Farma","description":"","potentialAction":[{"@type":"SearchAction","target":{"@type":"EntryPoint","urlTemplate":"https:\/\/localpharma.be\/?s={search_term_string}"},"query-input":{"@type":"PropertyValueSpecification","valueRequired":true,"valueName":"search_term_string"}}],"inLanguage":"nl-BE"}]}},"_links":{"self":[{"href":"https:\/\/localpharma.be\/nl_be\/wp-json\/wp\/v2\/pages\/100","targetHints":{"allow":["GET"]}}],"collection":[{"href":"https:\/\/localpharma.be\/nl_be\/wp-json\/wp\/v2\/pages"}],"about":[{"href":"https:\/\/localpharma.be\/nl_be\/wp-json\/wp\/v2\/types\/page"}],"author":[{"embeddable":true,"href":"https:\/\/localpharma.be\/nl_be\/wp-json\/wp\/v2\/users\/1"}],"replies":[{"embeddable":true,"href":"https:\/\/localpharma.be\/nl_be\/wp-json\/wp\/v2\/comments?post=100"}],"version-history":[{"count":0,"href":"https:\/\/localpharma.be\/nl_be\/wp-json\/wp\/v2\/pages\/100\/revisions"}],"wp:attachment":[{"href":"https:\/\/localpharma.be\/nl_be\/wp-json\/wp\/v2\/media?parent=100"}],"curies":[{"name":"wp","href":"https:\/\/api.w.org\/{rel}","templated":true}]}}