{"id":44,"date":"2024-09-17T09:13:51","date_gmt":"2024-09-17T09:13:51","guid":{"rendered":"https:\/\/localpharma.be\/?page_id=44"},"modified":"2024-09-24T18:04:22","modified_gmt":"2024-09-24T18:04:22","slug":"opname_en_teruggave","status":"publish","type":"page","link":"https:\/\/localpharma.be\/nl_be\/opname_en_teruggave\/","title":{"rendered":"Herroepingsrecht"},"content":{"rendered":"<p>Als Klant-consument hebt u het recht, onder bepaalde omstandigheden, de overeenkomst te herroepen. Dit betekent in de praktijk dat u vanaf de dag van levering van het Product een termijn van veertien (14) kalenderdagen hebt om uw aankoop zonder boete en zonder reden te herroepen, overeenkomstig de toepasselijke wettelijke bepalingen (artikel VI.47 van de Wet Economisch Recht). Tijdens deze termijn van 14 dagen moet de Klant die zijn herroepingsrecht wil uitoefenen, LOCALPHARMA op de hoogte stellen van zijn voornemen om zijn herroepingsrecht uit te oefenen, door het onderstaande formulier ingevuld te verzenden en dit per post te sturen naar het adres Rue d'Houdeng 224, 7070 Le Roeulx of per e-mail naar het adres info@localpharma.be.<\/p>\n<p>De Producten moeten door de Klant worden teruggezonden in een staat die identiek is aan die waarin ze zijn geleverd om hun herverkoop mogelijk te maken (onbeschadigde oorspronkelijke verpakkingen) samen met alle gebruiksaanwijzingen en documentatie naar het adres Rue d'Houdeng 224, 7070 Le Roeulx.<\/p>\n<p>Vanaf het moment dat de Klant zijn voornemen heeft uitgesproken om zijn bestelling terug te sturen, heeft hij een termijn van maximaal veertien (14) kalenderdagen om de producten terug te sturen naar LOCALPHARMA. Bij gebreke aan naleving van deze termijn of bewijs van retour, verliest de Klant zijn herroepingsrecht. De Klant draagt de directe kosten die voortvloeien uit het retourneren van de Producten.\n\nIn geval van uitoefening van het herroepingsrecht overeenkomstig de artikelen VI.47 en volgende van de Wet Economisch Recht, vergoedt LOCALPHARMA alle betalingen die van de Klant zijn ontvangen, inclusief, indien van toepassing, de verzendkosten, zonder onredelijke vertraging en in elk geval binnen de 14 dagen na de datum waarop het de beslissing van de consument om de overeenkomst te herroepen, wordt meegedeeld. LOCALPHARMA is echter niet verplicht om de extra kosten te vergoeden als de Klant uitdrukkelijk een andere leveringsmethode heeft gekozen dan de goedkoopste standaardleveringsmethode die door LOCALPHARMA wordt aangeboden.\n\nDe aansprakelijkheid van de Klant is beperkt tot de waardevermindering van de goederen die het gevolg is van manipulaties van de Producten anders dan die nodig zijn om de aard, de kenmerken en de goede werking van deze Producten vast te stellen.<\/p>\n<p>Let op! Het herroepingsrecht is van toepassing op geneesmiddelen en medische hulpmiddelen voor de levering van dit type Product. Overeenkomstig artikel VI.53, 4\u00b0 en 5\u00b0 van de Wet Economisch Recht, kan het herroepingsrecht niet worden uitgeoefend voor: de levering van goederen die snel kunnen bederven of vervallen; de levering van verzegelde goederen die om gezondheids- of hygi\u00ebnische redenen niet kunnen worden teruggezonden en die door de consument na levering zijn geopend. Anders gezegd, wanneer de Klant geneesmiddelen en\/of medische hulpmiddelen ontvangt en deze snel kunnen bederven, kan de Klant zijn herroepingsrecht niet uitoefenen.<\/p>","protected":false},"excerpt":{"rendered":"<p>En tant que Client consommateur, vous avez le droit, dans certaines circonstances, de vous r\u00e9tracter du contrat. Cela signifie en pratique que \u00e0 partir du jour de la livraison du Produit, vous disposez dispose d\u2019un d\u00e9lai de quatorze (14) jours calendrier, pour renoncer \u00e0 votre achat, sans p\u00e9nalit\u00e9 et sans justification, conform\u00e9ment aux dispositions l\u00e9gales [&hellip;]<\/p>\n","protected":false},"author":1,"featured_media":0,"parent":0,"menu_order":0,"comment_status":"closed","ping_status":"closed","template":"","meta":{"footnotes":""},"class_list":["post-44","page","type-page","status-publish","hentry"],"yoast_head":"<!-- This site is optimized with the Yoast SEO plugin v27.3 - https:\/\/yoast.com\/product\/yoast-seo-wordpress\/ -->\n<title>Droit de r\u00e9tractation | LocalPharma<\/title>\n<meta name=\"robots\" content=\"index, follow, max-snippet:-1, max-image-preview:large, max-video-preview:-1\" \/>\n<link rel=\"canonical\" href=\"https:\/\/localpharma.be\/nl_be\/opname_en_teruggave\/\" \/>\n<meta property=\"og:locale\" content=\"nl_BE\" \/>\n<meta property=\"og:type\" content=\"article\" \/>\n<meta property=\"og:title\" content=\"Droit de r\u00e9tractation | LocalPharma\" \/>\n<meta property=\"og:description\" content=\"En tant que Client consommateur, vous avez le droit, dans certaines circonstances, de vous r\u00e9tracter du contrat. Cela signifie en pratique que \u00e0 partir du jour de la livraison du Produit, vous disposez dispose d\u2019un d\u00e9lai de quatorze (14) jours calendrier, pour renoncer \u00e0 votre achat, sans p\u00e9nalit\u00e9 et sans justification, conform\u00e9ment aux dispositions l\u00e9gales [&hellip;]\" \/>\n<meta property=\"og:url\" content=\"https:\/\/localpharma.be\/nl_be\/opname_en_teruggave\/\" \/>\n<meta property=\"og:site_name\" content=\"LocalPharma\" \/>\n<meta property=\"article:modified_time\" content=\"2024-09-24T18:04:22+00:00\" \/>\n<meta name=\"twitter:card\" content=\"summary_large_image\" \/>\n<meta name=\"twitter:label1\" content=\"Geschatte leestijd\" \/>\n\t<meta name=\"twitter:data1\" content=\"3 minuten\" \/>\n<script type=\"application\/ld+json\" class=\"yoast-schema-graph\">{\"@context\":\"https:\\\/\\\/schema.org\",\"@graph\":[{\"@type\":\"WebPage\",\"@id\":\"https:\\\/\\\/localpharma.be\\\/withdrawal_and_return\\\/\",\"url\":\"https:\\\/\\\/localpharma.be\\\/withdrawal_and_return\\\/\",\"name\":\"Droit de r\u00e9tractation | LocalPharma\",\"isPartOf\":{\"@id\":\"https:\\\/\\\/localpharma.be\\\/#website\"},\"datePublished\":\"2024-09-17T09:13:51+00:00\",\"dateModified\":\"2024-09-24T18:04:22+00:00\",\"breadcrumb\":{\"@id\":\"https:\\\/\\\/localpharma.be\\\/withdrawal_and_return\\\/#breadcrumb\"},\"inLanguage\":\"nl-BE\",\"potentialAction\":[{\"@type\":\"ReadAction\",\"target\":[\"https:\\\/\\\/localpharma.be\\\/withdrawal_and_return\\\/\"]}]},{\"@type\":\"BreadcrumbList\",\"@id\":\"https:\\\/\\\/localpharma.be\\\/withdrawal_and_return\\\/#breadcrumb\",\"itemListElement\":[{\"@type\":\"ListItem\",\"position\":1,\"name\":\"Home\",\"item\":\"https:\\\/\\\/localpharma.be\\\/\"},{\"@type\":\"ListItem\",\"position\":2,\"name\":\"Droit de r\u00e9tractation\"}]},{\"@type\":\"WebSite\",\"@id\":\"https:\\\/\\\/localpharma.be\\\/#website\",\"url\":\"https:\\\/\\\/localpharma.be\\\/\",\"name\":\"LocalPharma\",\"description\":\"\",\"potentialAction\":[{\"@type\":\"SearchAction\",\"target\":{\"@type\":\"EntryPoint\",\"urlTemplate\":\"https:\\\/\\\/localpharma.be\\\/?s={search_term_string}\"},\"query-input\":{\"@type\":\"PropertyValueSpecification\",\"valueRequired\":true,\"valueName\":\"search_term_string\"}}],\"inLanguage\":\"nl-BE\"}]}<\/script>\n<!-- \/ Yoast SEO plugin. -->","yoast_head_json":{"title":"Herroepingsrecht | Lokale Farma","robots":{"index":"index","follow":"follow","max-snippet":"max-snippet:-1","max-image-preview":"max-image-preview:large","max-video-preview":"max-video-preview:-1"},"canonical":"https:\/\/localpharma.be\/nl_be\/opname_en_teruggave\/","og_locale":"nl_BE","og_type":"article","og_title":"Droit de r\u00e9tractation | LocalPharma","og_description":"En tant que Client consommateur, vous avez le droit, dans certaines circonstances, de vous r\u00e9tracter du contrat. Cela signifie en pratique que \u00e0 partir du jour de la livraison du Produit, vous disposez dispose d\u2019un d\u00e9lai de quatorze (14) jours calendrier, pour renoncer \u00e0 votre achat, sans p\u00e9nalit\u00e9 et sans justification, conform\u00e9ment aux dispositions l\u00e9gales [&hellip;]","og_url":"https:\/\/localpharma.be\/nl_be\/opname_en_teruggave\/","og_site_name":"LocalPharma","article_modified_time":"2024-09-24T18:04:22+00:00","twitter_card":"summary_large_image","twitter_misc":{"Geschatte leestijd":"3 minuten"},"schema":{"@context":"https:\/\/schema.org","@graph":[{"@type":"WebPage","@id":"https:\/\/localpharma.be\/withdrawal_and_return\/","url":"https:\/\/localpharma.be\/withdrawal_and_return\/","name":"Herroepingsrecht | Lokale Farma","isPartOf":{"@id":"https:\/\/localpharma.be\/#website"},"datePublished":"2024-09-17T09:13:51+00:00","dateModified":"2024-09-24T18:04:22+00:00","breadcrumb":{"@id":"https:\/\/localpharma.be\/withdrawal_and_return\/#breadcrumb"},"inLanguage":"nl-BE","potentialAction":[{"@type":"ReadAction","target":["https:\/\/localpharma.be\/withdrawal_and_return\/"]}]},{"@type":"BreadcrumbList","@id":"https:\/\/localpharma.be\/withdrawal_and_return\/#breadcrumb","itemListElement":[{"@type":"ListItem","position":1,"name":"Home","item":"https:\/\/localpharma.be\/"},{"@type":"ListItem","position":2,"name":"Droit de r\u00e9tractation"}]},{"@type":"WebSite","@id":"https:\/\/localpharma.be\/#website","url":"https:\/\/localpharma.be\/","name":"Lokale Farma","description":"","potentialAction":[{"@type":"SearchAction","target":{"@type":"EntryPoint","urlTemplate":"https:\/\/localpharma.be\/?s={search_term_string}"},"query-input":{"@type":"PropertyValueSpecification","valueRequired":true,"valueName":"search_term_string"}}],"inLanguage":"nl-BE"}]}},"_links":{"self":[{"href":"https:\/\/localpharma.be\/nl_be\/wp-json\/wp\/v2\/pages\/44","targetHints":{"allow":["GET"]}}],"collection":[{"href":"https:\/\/localpharma.be\/nl_be\/wp-json\/wp\/v2\/pages"}],"about":[{"href":"https:\/\/localpharma.be\/nl_be\/wp-json\/wp\/v2\/types\/page"}],"author":[{"embeddable":true,"href":"https:\/\/localpharma.be\/nl_be\/wp-json\/wp\/v2\/users\/1"}],"replies":[{"embeddable":true,"href":"https:\/\/localpharma.be\/nl_be\/wp-json\/wp\/v2\/comments?post=44"}],"version-history":[{"count":0,"href":"https:\/\/localpharma.be\/nl_be\/wp-json\/wp\/v2\/pages\/44\/revisions"}],"wp:attachment":[{"href":"https:\/\/localpharma.be\/nl_be\/wp-json\/wp\/v2\/media?parent=44"}],"curies":[{"name":"wp","href":"https:\/\/api.w.org\/{rel}","templated":true}]}}