{"id":50,"date":"2024-09-17T09:20:41","date_gmt":"2024-09-17T09:20:41","guid":{"rendered":"https:\/\/localpharma.be\/?page_id=50"},"modified":"2024-09-17T09:36:48","modified_gmt":"2024-09-17T09:36:48","slug":"onze-merken","status":"publish","type":"page","link":"https:\/\/localpharma.be\/nl_be\/onze-merken\/","title":{"rendered":"Onze merken"},"content":{"rendered":"<div data-elementor-type=\"wp-page\" data-elementor-id=\"50\" class=\"elementor elementor-50\" data-elementor-post-type=\"page\">\n\t\t\t\t<div class=\"elementor-element elementor-element-47f49a8 e-flex e-con-boxed e-con e-parent\" data-id=\"47f49a8\" data-element_type=\"container\" data-e-type=\"container\" data-settings=\"{&quot;background_background&quot;:&quot;classic&quot;}\">\n\t\t\t\t\t<div class=\"e-con-inner\">\n\t\t\t\t<div class=\"elementor-element elementor-element-985e05f elementor-widget elementor-widget-heading\" data-id=\"985e05f\" data-element_type=\"widget\" data-e-type=\"widget\" data-widget_type=\"heading.default\">\n\t\t\t\t<div class=\"elementor-widget-container\">\n\t\t\t\t\t<h1 class=\"elementor-heading-title elementor-size-default\">Onze merken<\/h1>\t\t\t\t<\/div>\n\t\t\t\t<\/div>\n\t\t\t\t<div class=\"elementor-element elementor-element-882a371 elementor-widget elementor-widget-text-editor\" data-id=\"882a371\" data-element_type=\"widget\" data-e-type=\"widget\" data-widget_type=\"text-editor.default\">\n\t\t\t\t<div class=\"elementor-widget-container\">\n\t\t\t\t\t\t\t\t\t<p>3M<br \/>6D Sport<br \/>Abt<br \/>Accu Chek<br \/>Accutrend<br \/>ACM<br \/>Activox<br \/>Aanpasbaar<br \/>Adefar<br \/>A-Derma<br \/>Nabeet<br \/>Luchtleven<br \/>Akileine<br \/>Alcon<br \/>Aleppo<br \/>Algotherm<br \/>Alibi<br \/>Allsan<br \/>alternatief<br \/>Altisa<br \/>Alvityl<br \/>Altijd<br \/>Amanprana<br \/>Ameda<br \/>Anabox<br \/>Anicur<br \/>Dierlijk<br \/>Antistax<br \/>Apivita<br \/>Aplazyl<br \/>Apotex<br \/>Aprolis<br \/>Aproten<br \/>Aquatain<br \/>ARAGAN<br \/>Arega<br \/>Arkeniaal<br \/>Arkoflu\u00efden<br \/>Arkocapsules<br \/>Arkopharma<br \/>Arkoroyal<br \/>Arterijn<br \/>Assani&#039;s<br \/>Aurea<br \/>Auriga<br \/>Avene<br \/>Komst<br \/>A.Vogel<br \/>Axitrans<br \/>Axodiet<br \/>Babybio<br \/>Bachbloesems<br \/>Bacil<br \/>Balneum<br \/>Balloklaas<br \/>Bambix<br \/>Barinutrie<br \/>Bauerfeind<br \/>Bausch &amp; Lomb<br \/>Baxter<br \/>Beiers<br \/>Baygon<br \/>B Braun<br \/>BD<br \/>Bebisol<br \/>Bel\u00e8ne<br \/>Be-life \/ Biolife<br \/>Bepharbel<br \/>Bergasol<br \/>Boter<br \/>Bibi<br \/>Slabbetjes<br \/>Billiebubs<br \/>Billiebubs Babyvoeding \u2013 Haver \u2013 Baby<br \/>Biocodex<br \/>Biocondil<br \/>Biokuur<br \/>Biocyt<br \/>Bioderma<br \/>Biolys<br \/>BIOMIL\u00ae<br \/>Babyvoeding \u2013 BIOLOGISCHE babymelk \u2013 premium melk<br \/>Bion<br \/>Bionaal<br \/>Bio-olie<br \/>BIO-OLIE<br \/>Biorga<br \/>Biosil<br \/>Biotechnologie<br \/>Biover<br \/>Bioxtra<br \/>Blistex<br \/>Blox<br \/>Lichaamsfix<br \/>Lichaamsol<br \/>Boehringer<br \/>Boiron<br \/>Bonyplus<br \/>BOOM<br \/>Bort<br \/>Bota<br \/>Bpharma<br \/>Braun<br \/>Brigitte Ravel<br \/>Caere<br \/>Canderel<br \/>Zorgplus<br \/>Caudalie<br \/>CB12<br \/>Celien<br \/>Honderd puur Honderd<br \/>Cerave<br \/>Cetaphil<br \/>Ceva<br \/>Chapstick<br \/>Chili<br \/>Citrobiotisch<br \/>Claripharm<br \/>Clinell<br \/>Klinisch<br \/>Clinutren<br \/>Colgate<br \/>Compeed<br \/>Concap<br \/>Naleving<br \/>Toestemming<br \/>Corega<br \/>Cosmedi&#039;s<br \/>Cotondou<br \/>Covarmed<br \/>Afdekmarkering<br \/>Verlang ernaar<br \/>Curaprox<br \/>Damhert<br \/>Darphin<br \/>Davitamon<br \/>Dax<br \/>Dcure<br \/>Debapharma<br \/>Defatyl<br \/>Delicaat<br \/>Tandarts<br \/>Dentio<br \/>Deramed<br \/>Dermagor<br \/>Dermalex<br \/>Dermavitaal<br \/>Dermazyme<br \/>Dermocreme<br \/>Dermolin<br \/>Dermophil<br \/>Dettol<br \/>Dexeryl<br \/>Dexsil<br \/>Dextro-energie<br \/>Difrax<br \/>Disney<br \/>Dodie<br \/>Doliderm<br \/>DOU<br \/>Douxo<br \/>Dr. Bruin<br \/>Dr. Ernst<br \/>Dr. Hauschka<br \/>Ducray<br \/>Duracell<br \/>Durex<br \/>Dynafar<br \/>Ecomil<br \/>Ecovita<br \/>Ekopar<br \/>BIJV.<br \/>Elgydium<br \/>Elimineren<br \/>Elmex<br \/>Elusanen<br \/>Energetica Natura<br \/>Enfamil<br \/>Epitact<br \/>Equipharma<br \/>Etixx<br \/>Eubos<br \/>Eucerin<br \/>Eufia Baby<br \/>Evian<br \/>Evoluderm<br \/>Cosmetica \u2013 Gezichtsverzorging \u2013 Lichaamsverzorging \u2013 Haarverzorging<br \/>Excilor<br \/>Oogzorg<br \/>Oogzorg<br \/>Fadiamon<br \/>Fagron<br \/>Farabella<br \/>Febelzorg<br \/>Filorga<br \/>Fitoform<br \/>Fitdent<br \/>Fixodent<br \/>Vlam<br \/>Foliojurk<br \/>Vormen en vlammen<br \/>Fortepharma<br \/>Forticare<br \/>Fortimel<br \/>Fresubin<br \/>FSA-chemicali\u00ebn<br \/>Verder<br \/>Fytobell<br \/>Fytostar<br \/>Galderma<br \/>Galenco<br \/>Galenco Baby<br \/>Gehwol<br \/>Genette<br \/>Geratherm<br \/>Gibaud<br \/>Gilbert<br \/>Vest<br \/>Mondiale Medici<br \/>Glucadol<br \/>Grethers<br \/>Groeneduivel<br \/>Gsk<br \/>gom<br \/>Halt<br \/>Hansaplast<br \/>Hartman<br \/>Genezende kruiden<br \/>Hiel<br \/>Heimess<br \/>Hallokitty<br \/>Herbahelvetica<br \/>Kruidengem<br \/>Herbatint<br \/>Hermesetas<br \/>Hextril<br \/>Dierenvoeding van Hills<br \/>Honingwel<br \/>geur<br \/>Hyseke Biorga<br \/>Inneov<br \/>Interprox<br \/>In de lepel<br \/>www.intothespoon.be<br \/>Iprad<br \/>Iraltone<br \/>Isobetadine<br \/>Isostar<br \/>Iwit<br \/>Ixxpharma<br \/>Jaldes<br \/>Johnson &amp; Johnson<br \/>Jordani\u00eb<br \/>Jowae<br \/>Kaliptus<br \/>Katima<br \/>Kela<br \/>Kela Veterinaria<br \/>Kendal<br \/>Kilout<br \/>Kineslim<br \/>Klorane<br \/>Kneipp<br \/>Korres<br \/>Kurhervorming<br \/>Labello<br \/>Lactacyd<br \/>Lactona<br \/>La Graveline<br \/>Laino<br \/>Lamiderm<br \/>Lansinoh<br \/>La Roche Posay<br \/>De dauw<br \/>Lemaire-ontwikkeling<br \/>Levieten<br \/>De kleuren zwart<br \/>Het wonderbaarlijke<br \/>Voedingssupplementen \u2013 Vitaminen<br \/>Lierac<br \/>Levenszorg<br \/>Lisandra<br \/>Listerine<br \/>L&#039;Occitane<br \/>Lohmann Rauscher<br \/>Langiderm<br \/>Loprofin<br \/>Louis Widmer<br \/>Luc &amp; Lea<br \/>Madaus<br \/>Magneetkappen<br \/>Maia<br \/>Huisreiniging \u2013 Huisschoonmaak \u2013 Natuurlijk \u2013 Huisverzorging<br \/>Mama<br \/>Manix<br \/>Mannavita<br \/>Mannavitaal<br \/>Manoeka<br \/>Mijn Provence<br \/>Marcusrohrer<br \/>Mark V<br \/>McDavid<br \/>Medela<br \/>Geneesmiddel<br \/>Medik<br \/>Melapi<br \/>Melisana<br \/>Melvita<br \/>Menophytea<br \/>Merck<br \/>Meerprin<br \/>Meridol<br \/>Metagenica<br \/>Metarelax<br \/>Microleven<br \/>Milupa<br \/>Minami<br \/>Miradent<br \/>Mithras<br \/>Mitopik<br \/>Modisnel<br \/>Molnlycke<br \/>Maankop<br \/>Morser<br \/>Mug<br \/>Mouskito<br \/>Mustela<br \/>Na\u00efef<br \/>Nagelner<br \/>Nee<br \/>NAQI<br \/>Natrena<br \/>Natuurlijk actief<br \/>Natuurlijke energie<br \/>Neocare<br \/>Nestelen<br \/>Neutrogeen<br \/>Nieuw Noords<br \/>Tepels<br \/>Nitradine<br \/>Nivea<br \/>Nobacter<br \/>Nogluten<br \/>Geen eiwitten<br \/>Noviderm<br \/>Nieuw<br \/>Nuby<br \/>Nuflex<br \/>Nuk<br \/>Nutergia<br \/>Nutramigen<br \/>Nutreov Phytea<br \/>Nutricia<br \/>Voedingsethisch<br \/>Nutrilon<br \/>Nutrini<br \/>Nutriphyt<br \/>Nutrisan<br \/>Voedzaam<br \/>Nutrison<br \/>Nuxe<br \/>O7<br \/>Okaal<br \/>Oenobiol<br \/>Olie van Olaz<br \/>Olvarit<br \/>Om3<br \/>Omnibionta<br \/>Omnivit<br \/>Omron<br \/>Mondeling B<br \/>Oraalzeven<br \/>Orgaan<br \/>Orthonat<br \/>Ortis<br \/>Osteoplus<br \/>Otom<br \/>Oxelio<br \/>Oei<br \/>Verwent<br \/>Panasonic<br \/>Pannoc<br \/>Pantene Pro<br \/>Parakito<br \/>Paranix<br \/>Inzet<br \/>Parodontax<br \/>Parogencyl<br \/>Patch Pharma<br \/>Petroleum Hahn<br \/>Facobel<br \/>Pharco<br \/>Farmaschoon<br \/>Pharmagenerix<br \/>Farmaceutische glazen<br \/>Pharmalens<br \/>Farma Noord<br \/>Farmaton<br \/>Farmex<br \/>Philips<br \/>physalis<br \/>Fysiomeer<br \/>Fyto<br \/>Fytospecifiek<br \/>Fytozon<br \/>Pierre Fabre<br \/>Pierre Fabre dermatologie<br \/>Pileje<br \/>Pilvoedsel<br \/>Pilo&#039;s<br \/>Pistal<br \/>Plou<br \/>Natuurlijke wasmiddelen \u2013 Plantaardige wasmiddelen \u2013 Huisgeuren \u2013 Linnenparfums \u2013 Wasparfum<br \/>Polair<br \/>Maaltijden<br \/>Babyvoeding \u2013 Kindervoeding \u2013 Biologische voeding \u2013 Fruit \u2013 Groenten \u2013 Soepen \u2013 Vlees \u2013 Vis \u2013 Melk<br \/>Pranarom<br \/>Pregestimil<br \/>Primavera<br \/>Oer<br \/>Sleutelbloem<br \/>Probactiol<br \/>Proceli<br \/>Prodia<br \/>Prodivet<br \/>Promagnor<br \/>PROBron<br \/>Protefix<br \/>Product<br \/>Purasana<br \/>zuivere inkapselingen<br \/>Puressentiel<br \/>Purol<br \/>Duw<br \/>Q<br \/>QM-sport<br \/>Qualiphar<br \/>Quies<br \/>Rafys<br \/>Reckitt Benckiser<br \/>Remescar<br \/>Bron<br \/>Revita<br \/>Rumaal<br \/>Rickles<br \/>Steen<br \/>Rogier Cavailles<br \/>Rogier &amp; Gallet<br \/>Rozen<br \/>Royer<br \/>Rubaxx<br \/>Robijn<br \/>Veilig roken<br \/>Saforelle<br \/>Zoutraten<br \/>Hallo<br \/>Sambucol<br \/>Sanas<br \/>Sanavi<br \/>Sanifort Pharma<br \/>Saugella<br \/>Zaagt<br \/>Schar<br \/>Scholl<br \/>Schwabe<br \/>Zeederm<br \/>Sebamed<br \/>Sedinaal<br \/>Sensodyne<br \/>Scherpveilig<br \/>Silix<br \/>Similia<br \/>Singuladerm<br \/>Sissel<br \/>Sjankara<br \/>Slimdieet<br \/>Smb<br \/>Smit &amp; Neef<br \/>Snurken<br \/>Solidpharma<br \/>Somatoline-cosmetica<br \/>Soms<br \/>Soria<br \/>Spenco<br \/>Sportcontrole<br \/>Sterillium<br \/>Sterop<br \/>Stilla<br \/>CBD \u2013 Voedingssupplementen \u2013 Sport \u2013 Vitaminen<br \/>Stoko<br \/>Stresspuur<br \/>Stijl&#039; Wit<br \/>Superdieet<br \/>Superwit<br \/>SVR<br \/>Syneo<br \/>Takeda<br \/>Talika<br \/>Tampax<br \/>Tarani&#039;s<br \/>Tempo<br \/>Tempur<br \/>Tena<br \/>Terumo<br \/>Teva<br \/>Thea<br \/>De Grote Britse Grooming Co.<br \/>Therabel<br \/>Therawetenschap<br \/>Thuasne<br \/>Tilman<br \/>Tint<br \/>Tippies<br \/>T Leclerc<br \/>Onderwerp<br \/>Trenker<br \/>Trisport<br \/>Trovet<br \/>Onda<br \/>Urgo<br \/>Uriage<br \/>Ursapharm<br \/>Valpi<br \/>Vedax<br \/>Veet<br \/>Plantaardige kleur<br \/>Veinax<br \/>Veroval<br \/>Dierenselect<br \/>Via Natura<br \/>Vichy<br \/>Vichy Dercos<br \/>Vichy Normaderm<br \/>Vicks<br \/>Virbac<br \/>Weergave<br \/>Vitaflor<br \/>Vitalens<br \/>Vitanutrics<br \/>Vitanza<br \/>Vitaschakelaar<br \/>Vitis<br \/>Vitry<br \/>Weleda<br \/>Wiegand<br \/>XLS<br \/>Xlsmedisch<br \/>Ja<br \/>Yun<br \/>Zaffranax<br \/>Zafranpuur<br \/>Zeitschild<br \/>zendium<br \/>Zwitsal<\/p>\t\t\t\t\t\t\t\t<\/div>\n\t\t\t\t<\/div>\n\t\t\t\t\t<\/div>\n\t\t\t\t<\/div>\n\t\t\t\t<\/div>","protected":false},"excerpt":{"rendered":"<p>Nos marques 3M6D SportsAbbottAccu ChekAccutrendACMActivoxAdaptilAdepharA-DermaAfterbiteAirlifeAkileineAlconAleppoAlgothermAlibiAllsanAlternaAltisaAlvitylAlwaysAmanpranaAmedaAnaboxAnicurAnimavitalAntistaxApivitaAplazylApotexAprolisAprotenAquatainARAGANAregaArkentialArkofluidesArkogelulesArkopharmaArkoroyalArterinAssanisAureaAurigaAveneAventA. VogelAxitransAxodietBabybioBachflowersBacilacBalneumBalsoclaseBambixBarinutricsBauerfeindBausch &amp; LombBaxterBayerBaygonB BraunBdBebisolBeleneBe-life \/ BiolifeBepharbelBergasolBeurerBibiBibsBilliebubsBilliebubs Alimentation b\u00e9b\u00e9 &#8211; Avoine &#8211; B\u00e9b\u00e9BiocodexBiocondilBiocureBiocyteBiodermaBiolysBIOMIL\u00aeAlimentation b\u00e9b\u00e9 &#8211; Lait b\u00e9b\u00e9 BIO &#8211; lait pr\u00e9niumBionBionalBiooilBIO-OILBiorgaBiosilBiotechnieBioverBioxtraBlistexBloxBody FixBodysolBoehringerBoironBonyplusBOOOMBortBotaBpharmaBraunBrigitte RavelCaereCanderelCareplusCaudalieCB12CelianeCent pur CentCeraveCetaphilCevaChapstickChilineCitrobioticClaripharmClinellCliniqueClinutrenColgateCompeedConcapConformaConsenzaCoregaCosmedisCotondouCovarmedCovermarkCravesatisfyCuraproxDamhertDarphinDavitamonDaxDcureDebapharmaDefatylDelicalDentaidDentioDeramedDermagorDermalexDermavitalDermazymeDermocremDermolinDermophilDettolDexerylDexsilDextro EnergyDifraxDisneyDodieDolidermDOUDouxodr Browndr Ernstdr HauschkaDucrayDuracellDurexDynapharEcomilEcovitaEcupharEGElgydiumEliminElmexElusanesEnergetica NaturaEnfamilEpitactEquipharmaEtixxEubosEucerinEuphia BabyEvianEvoludermCosm\u00e9tique &#8211; Soin visage &#8211; Soin du corps &#8211; Soin des cheveuxExcilorEyecareEye CareFadiamoneFagronFarabellaFebelcareFilorgaFitoformFittydentFixodentFlaemFoliodressFormes &amp; FlammesFortepharmaForticareFortimelFresubinFSA ChemicalsFurtererFytobellFytostarGaldermaGalencoGalenco BabyGehwolGenetteGerathermGibaudGilbertGiletteGlobal MedicsGlucadolGrethersGroeneduivelGskGumHalterHansaplastHartmannHealing HerbsHeelHeimessHellokittyHerbahelveticaHerbalgemHerbatintHermesetasHextrilHills pet nutritionHoneywellhumerHyseke [&hellip;]<\/p>\n","protected":false},"author":1,"featured_media":0,"parent":0,"menu_order":0,"comment_status":"closed","ping_status":"closed","template":"elementor_header_footer","meta":{"footnotes":""},"class_list":["post-50","page","type-page","status-publish","hentry"],"yoast_head":"<!-- This site is optimized with the Yoast SEO plugin v27.3 - https:\/\/yoast.com\/product\/yoast-seo-wordpress\/ -->\n<title>Nos marques | LocalPharma<\/title>\n<meta name=\"robots\" content=\"index, follow, max-snippet:-1, max-image-preview:large, max-video-preview:-1\" \/>\n<link rel=\"canonical\" href=\"https:\/\/localpharma.be\/nl_be\/onze-merken\/\" \/>\n<meta property=\"og:locale\" content=\"nl_BE\" \/>\n<meta property=\"og:type\" content=\"article\" \/>\n<meta property=\"og:title\" content=\"Nos marques | LocalPharma\" \/>\n<meta property=\"og:description\" content=\"Nos marques 3M6D SportsAbbottAccu ChekAccutrendACMActivoxAdaptilAdepharA-DermaAfterbiteAirlifeAkileineAlconAleppoAlgothermAlibiAllsanAlternaAltisaAlvitylAlwaysAmanpranaAmedaAnaboxAnicurAnimavitalAntistaxApivitaAplazylApotexAprolisAprotenAquatainARAGANAregaArkentialArkofluidesArkogelulesArkopharmaArkoroyalArterinAssanisAureaAurigaAveneAventA. VogelAxitransAxodietBabybioBachflowersBacilacBalneumBalsoclaseBambixBarinutricsBauerfeindBausch &amp; LombBaxterBayerBaygonB BraunBdBebisolBeleneBe-life \/ BiolifeBepharbelBergasolBeurerBibiBibsBilliebubsBilliebubs Alimentation b\u00e9b\u00e9 &#8211; Avoine &#8211; B\u00e9b\u00e9BiocodexBiocondilBiocureBiocyteBiodermaBiolysBIOMIL\u00aeAlimentation b\u00e9b\u00e9 &#8211; Lait b\u00e9b\u00e9 BIO &#8211; lait pr\u00e9niumBionBionalBiooilBIO-OILBiorgaBiosilBiotechnieBioverBioxtraBlistexBloxBody FixBodysolBoehringerBoironBonyplusBOOOMBortBotaBpharmaBraunBrigitte RavelCaereCanderelCareplusCaudalieCB12CelianeCent pur CentCeraveCetaphilCevaChapstickChilineCitrobioticClaripharmClinellCliniqueClinutrenColgateCompeedConcapConformaConsenzaCoregaCosmedisCotondouCovarmedCovermarkCravesatisfyCuraproxDamhertDarphinDavitamonDaxDcureDebapharmaDefatylDelicalDentaidDentioDeramedDermagorDermalexDermavitalDermazymeDermocremDermolinDermophilDettolDexerylDexsilDextro EnergyDifraxDisneyDodieDolidermDOUDouxodr Browndr Ernstdr HauschkaDucrayDuracellDurexDynapharEcomilEcovitaEcupharEGElgydiumEliminElmexElusanesEnergetica NaturaEnfamilEpitactEquipharmaEtixxEubosEucerinEuphia BabyEvianEvoludermCosm\u00e9tique &#8211; Soin visage &#8211; Soin du corps &#8211; Soin des cheveuxExcilorEyecareEye CareFadiamoneFagronFarabellaFebelcareFilorgaFitoformFittydentFixodentFlaemFoliodressFormes &amp; FlammesFortepharmaForticareFortimelFresubinFSA ChemicalsFurtererFytobellFytostarGaldermaGalencoGalenco BabyGehwolGenetteGerathermGibaudGilbertGiletteGlobal MedicsGlucadolGrethersGroeneduivelGskGumHalterHansaplastHartmannHealing HerbsHeelHeimessHellokittyHerbahelveticaHerbalgemHerbatintHermesetasHextrilHills pet nutritionHoneywellhumerHyseke [&hellip;]\" \/>\n<meta property=\"og:url\" content=\"https:\/\/localpharma.be\/nl_be\/onze-merken\/\" \/>\n<meta property=\"og:site_name\" content=\"LocalPharma\" \/>\n<meta property=\"article:modified_time\" content=\"2024-09-17T09:36:48+00:00\" \/>\n<meta name=\"twitter:card\" content=\"summary_large_image\" \/>\n<meta name=\"twitter:label1\" content=\"Geschatte leestijd\" \/>\n\t<meta name=\"twitter:data1\" content=\"1 minuut\" \/>\n<script type=\"application\/ld+json\" class=\"yoast-schema-graph\">{\"@context\":\"https:\\\/\\\/schema.org\",\"@graph\":[{\"@type\":\"WebPage\",\"@id\":\"https:\\\/\\\/localpharma.be\\\/our-brands\\\/\",\"url\":\"https:\\\/\\\/localpharma.be\\\/our-brands\\\/\",\"name\":\"Nos marques | LocalPharma\",\"isPartOf\":{\"@id\":\"https:\\\/\\\/localpharma.be\\\/#website\"},\"datePublished\":\"2024-09-17T09:20:41+00:00\",\"dateModified\":\"2024-09-17T09:36:48+00:00\",\"breadcrumb\":{\"@id\":\"https:\\\/\\\/localpharma.be\\\/our-brands\\\/#breadcrumb\"},\"inLanguage\":\"nl-BE\",\"potentialAction\":[{\"@type\":\"ReadAction\",\"target\":[\"https:\\\/\\\/localpharma.be\\\/our-brands\\\/\"]}]},{\"@type\":\"BreadcrumbList\",\"@id\":\"https:\\\/\\\/localpharma.be\\\/our-brands\\\/#breadcrumb\",\"itemListElement\":[{\"@type\":\"ListItem\",\"position\":1,\"name\":\"Home\",\"item\":\"https:\\\/\\\/localpharma.be\\\/\"},{\"@type\":\"ListItem\",\"position\":2,\"name\":\"Nos marques\"}]},{\"@type\":\"WebSite\",\"@id\":\"https:\\\/\\\/localpharma.be\\\/#website\",\"url\":\"https:\\\/\\\/localpharma.be\\\/\",\"name\":\"LocalPharma\",\"description\":\"\",\"potentialAction\":[{\"@type\":\"SearchAction\",\"target\":{\"@type\":\"EntryPoint\",\"urlTemplate\":\"https:\\\/\\\/localpharma.be\\\/?s={search_term_string}\"},\"query-input\":{\"@type\":\"PropertyValueSpecification\",\"valueRequired\":true,\"valueName\":\"search_term_string\"}}],\"inLanguage\":\"nl-BE\"}]}<\/script>\n<!-- \/ Yoast SEO plugin. -->","yoast_head_json":{"title":"Onze merken | Lokale Farma","robots":{"index":"index","follow":"follow","max-snippet":"max-snippet:-1","max-image-preview":"max-image-preview:large","max-video-preview":"max-video-preview:-1"},"canonical":"https:\/\/localpharma.be\/nl_be\/onze-merken\/","og_locale":"nl_BE","og_type":"article","og_title":"Nos marques | LocalPharma","og_description":"Nos marques 3M6D SportsAbbottAccu ChekAccutrendACMActivoxAdaptilAdepharA-DermaAfterbiteAirlifeAkileineAlconAleppoAlgothermAlibiAllsanAlternaAltisaAlvitylAlwaysAmanpranaAmedaAnaboxAnicurAnimavitalAntistaxApivitaAplazylApotexAprolisAprotenAquatainARAGANAregaArkentialArkofluidesArkogelulesArkopharmaArkoroyalArterinAssanisAureaAurigaAveneAventA. VogelAxitransAxodietBabybioBachflowersBacilacBalneumBalsoclaseBambixBarinutricsBauerfeindBausch &amp; LombBaxterBayerBaygonB BraunBdBebisolBeleneBe-life \/ BiolifeBepharbelBergasolBeurerBibiBibsBilliebubsBilliebubs Alimentation b\u00e9b\u00e9 &#8211; Avoine &#8211; B\u00e9b\u00e9BiocodexBiocondilBiocureBiocyteBiodermaBiolysBIOMIL\u00aeAlimentation b\u00e9b\u00e9 &#8211; Lait b\u00e9b\u00e9 BIO &#8211; lait pr\u00e9niumBionBionalBiooilBIO-OILBiorgaBiosilBiotechnieBioverBioxtraBlistexBloxBody FixBodysolBoehringerBoironBonyplusBOOOMBortBotaBpharmaBraunBrigitte RavelCaereCanderelCareplusCaudalieCB12CelianeCent pur CentCeraveCetaphilCevaChapstickChilineCitrobioticClaripharmClinellCliniqueClinutrenColgateCompeedConcapConformaConsenzaCoregaCosmedisCotondouCovarmedCovermarkCravesatisfyCuraproxDamhertDarphinDavitamonDaxDcureDebapharmaDefatylDelicalDentaidDentioDeramedDermagorDermalexDermavitalDermazymeDermocremDermolinDermophilDettolDexerylDexsilDextro EnergyDifraxDisneyDodieDolidermDOUDouxodr Browndr Ernstdr HauschkaDucrayDuracellDurexDynapharEcomilEcovitaEcupharEGElgydiumEliminElmexElusanesEnergetica NaturaEnfamilEpitactEquipharmaEtixxEubosEucerinEuphia BabyEvianEvoludermCosm\u00e9tique &#8211; Soin visage &#8211; Soin du corps &#8211; Soin des cheveuxExcilorEyecareEye CareFadiamoneFagronFarabellaFebelcareFilorgaFitoformFittydentFixodentFlaemFoliodressFormes &amp; FlammesFortepharmaForticareFortimelFresubinFSA ChemicalsFurtererFytobellFytostarGaldermaGalencoGalenco BabyGehwolGenetteGerathermGibaudGilbertGiletteGlobal MedicsGlucadolGrethersGroeneduivelGskGumHalterHansaplastHartmannHealing HerbsHeelHeimessHellokittyHerbahelveticaHerbalgemHerbatintHermesetasHextrilHills pet nutritionHoneywellhumerHyseke [&hellip;]","og_url":"https:\/\/localpharma.be\/nl_be\/onze-merken\/","og_site_name":"LocalPharma","article_modified_time":"2024-09-17T09:36:48+00:00","twitter_card":"summary_large_image","twitter_misc":{"Geschatte leestijd":"1 minuut"},"schema":{"@context":"https:\/\/schema.org","@graph":[{"@type":"WebPage","@id":"https:\/\/localpharma.be\/our-brands\/","url":"https:\/\/localpharma.be\/our-brands\/","name":"Onze merken | Lokale Farma","isPartOf":{"@id":"https:\/\/localpharma.be\/#website"},"datePublished":"2024-09-17T09:20:41+00:00","dateModified":"2024-09-17T09:36:48+00:00","breadcrumb":{"@id":"https:\/\/localpharma.be\/our-brands\/#breadcrumb"},"inLanguage":"nl-BE","potentialAction":[{"@type":"ReadAction","target":["https:\/\/localpharma.be\/our-brands\/"]}]},{"@type":"BreadcrumbList","@id":"https:\/\/localpharma.be\/our-brands\/#breadcrumb","itemListElement":[{"@type":"ListItem","position":1,"name":"Home","item":"https:\/\/localpharma.be\/"},{"@type":"ListItem","position":2,"name":"Nos marques"}]},{"@type":"WebSite","@id":"https:\/\/localpharma.be\/#website","url":"https:\/\/localpharma.be\/","name":"Lokale Farma","description":"","potentialAction":[{"@type":"SearchAction","target":{"@type":"EntryPoint","urlTemplate":"https:\/\/localpharma.be\/?s={search_term_string}"},"query-input":{"@type":"PropertyValueSpecification","valueRequired":true,"valueName":"search_term_string"}}],"inLanguage":"nl-BE"}]}},"_links":{"self":[{"href":"https:\/\/localpharma.be\/nl_be\/wp-json\/wp\/v2\/pages\/50","targetHints":{"allow":["GET"]}}],"collection":[{"href":"https:\/\/localpharma.be\/nl_be\/wp-json\/wp\/v2\/pages"}],"about":[{"href":"https:\/\/localpharma.be\/nl_be\/wp-json\/wp\/v2\/types\/page"}],"author":[{"embeddable":true,"href":"https:\/\/localpharma.be\/nl_be\/wp-json\/wp\/v2\/users\/1"}],"replies":[{"embeddable":true,"href":"https:\/\/localpharma.be\/nl_be\/wp-json\/wp\/v2\/comments?post=50"}],"version-history":[{"count":0,"href":"https:\/\/localpharma.be\/nl_be\/wp-json\/wp\/v2\/pages\/50\/revisions"}],"wp:attachment":[{"href":"https:\/\/localpharma.be\/nl_be\/wp-json\/wp\/v2\/media?parent=50"}],"curies":[{"name":"wp","href":"https:\/\/api.w.org\/{rel}","templated":true}]}}