{"id":81,"date":"2024-09-17T09:48:22","date_gmt":"2024-09-17T09:48:22","guid":{"rendered":"https:\/\/localpharma.be\/?page_id=81"},"modified":"2026-04-17T12:29:05","modified_gmt":"2026-04-17T12:29:05","slug":"vertrouwelijkheid","status":"publish","type":"page","link":"https:\/\/localpharma.be\/nl_be\/juridisch\/vertrouwelijkheid","title":{"rendered":"LOCALPHARMA PRIVACYBELEID"},"content":{"rendered":"<h1>PRIVACYBELEID VAN LOCALPHARMA<\/h1>\n<p>Dit privacybeleid beschrijft hoe LOCALPHARMA uw persoonlijke gegevens verzamelt, gebruikt en beschermt wanneer u de website gebruikt: <a href=\"\/nl_be\/www.localpharma.be\/\" target=\"_blank\" rel=\"noopener noreferrer\">www.lokaalpharma.be<\/a> (hierna de \u00abSite\u00bb).<\/p>\n<section>\n<h2>Opmerking betreffende minderjarigen<\/h2>\n<p>Als u jonger bent dan 16 jaar (of de in uw land van verblijf geldende leeftijd voor digitale toestemming, indien deze lager is), mag u de Site alleen gebruiken met toestemming van de persoon die het ouderlijk gezag heeft.<\/p>\n<p>Wij verzamelen niet bewust persoonsgegevens van minderjarigen zonder de juiste toestemming.<\/p>\n<\/section>\n<section>\n<h2>Gegevensbeheerder<\/h2>\n<p>In overeenstemming met de Algemene Verordening Gegevensbescherming, <b>LOCALPHARMA<\/b>, een naamloze vennootschap met statutaire zetel te 7000 Mons, Avenue Melina Mercouri 7, geregistreerd bij de BCE onder nummer 0760.686.074, treedt op als verwerkingsverantwoordelijke voor de persoonsgegevens die via de Site worden verzameld.<\/p>\n<p>In dit beleid wordt LOCALPHARMA &quot;wij&quot; genoemd.<\/p>\n<\/section>\n<section>\n<h2>Doel van de verwerking<\/h2>\n<p><strong>Wij verwerken uw persoonsgegevens voor de volgende doeleinden:<\/strong><\/p>\n<ul>\n<li>Beheer van uw gebruikersaccount, inclusief aanmaken, authenticatie en toegangsbeheer; ;<\/li>\n<li>Order-, betalings- en leveringsbeheer; ;<\/li>\n<li>communicatie met u in het kader van de uitvoering van diensten (bevestiging, ondersteuning, meldingen); ;<\/li>\n<li>naleving van onze wettelijke en regelgevende verplichtingen; ;<\/li>\n<li>fraudepreventie en systeembeveiliging; ;<\/li>\n<li>Het verbeteren van onze dienstverlening door middel van statistische analyses; ;<\/li>\n<li>Informatie over onze diensten en gebruikersondersteuning.<\/li>\n<\/ul>\n<\/section>\n<section>\n<h2>Marketingcommunicatie<\/h2>\n<p>Het versturen van marketingcommunicatie is afhankelijk van:<\/p>\n<ul>\n<li>hetzij met uw voorafgaande toestemming, met name wanneer de communicatie geen verband houdt met de diensten waarop u zich hebt geabonneerd; ;<\/li>\n<li>of, indien van toepassing, op basis van ons gerechtvaardigd belang bij het promoten van soortgelijke diensten (soft opt-in), in overeenstemming met de ePrivacyrichtlijn, wanneer uw e-mailadres is verzameld als onderdeel van een bestaande klantrelatie en u de mogelijkheid heeft om hiertegen bezwaar te maken op het moment van verzameling en op elk moment.<\/li>\n<\/ul>\n<p>U kunt te allen tijde bezwaar maken tegen uw toestemming of deze intrekken via de link om u af te melden in elke communicatie.<\/p>\n<\/section>\n<section>\n<h2>Juridische grondslag voor verwerking<\/h2>\n<section>\n<h3>Uitvoering van een contract<\/h3>\n<p>De verwerking is noodzakelijk voor het leveren van de via de website aangeboden diensten, conform de gebruiksvoorwaarden.<\/p>\n<\/section>\n<section>\n<h3>Wettelijke verplichtingen<\/h3>\n<p>Bepaalde gegevens worden verwerkt om te voldoen aan onze wettelijke verplichtingen (boekhouding, fraudepreventie, administratieve verplichtingen, enz.).<\/p>\n<\/section>\n<section>\n<h3>Legitiem belang<\/h3>\n<p>We kunnen bepaalde gegevens verwerken wanneer dat nodig is voor onze legitieme belangen, waaronder het verbeteren van onze diensten of het waarborgen van de veiligheid ervan.<\/p>\n<p>In dit kader zorgen wij ervoor dat deze belangen geen inbreuk maken op uw fundamentele rechten en vrijheden, in overeenstemming met de aanbevelingen van het Europees Comit\u00e9 voor gegevensbescherming.<\/p>\n<\/section>\n<section>\n<h3>Toestemming<\/h3>\n<p>In sommige gevallen, met name voor marketingcommunicatie die geen verband houdt met uw diensten of voor het gebruik van niet-essenti\u00eble cookies, gebruiken we uw toestemming.<\/p>\n<p>U kunt deze toestemming op elk moment intrekken.<\/p>\n<\/section>\n<\/section>\n<section>\n<h2>Aard van de verwerkte gegevens<\/h2>\n<p>In verband met het gebruik van de Site kunnen wij de volgende categorie\u00ebn persoonsgegevens verwerken:<\/p>\n<ul>\n<li>Identificatiegegevens: naam, achternaam; ;<\/li>\n<li>Contactgegevens: e-mailadres, telefoonnummer; ;<\/li>\n<li>Transactiegegevens: informatie met betrekking tot bestellingen en betalingen; ;<\/li>\n<li>Technische gegevens: IP-adres, verbindingsgegevens en gebruiksgegevens van de website.<\/li>\n<\/ul>\n<p><strong>Wij zorgen ervoor dat we alleen de gegevens verzamelen die strikt noodzakelijk zijn voor de hierboven beschreven doeleinden.<\/strong>, in overeenstemming met het minimaliseringsbeginsel zoals voorzien door de <b>Algemene Verordening Gegevensbescherming (AVG)<\/b>.<\/p>\n<\/section>\n<section>\n<h2>Wie verwerkt uw gegevens?<\/h2>\n<p>Uw gegevens worden verwerkt:<\/p>\n<ul>\n<li>\u2014 door bevoegd personeel van LOCALPHARMA, onderworpen aan geheimhoudingsverplichtingen; ;<\/li>\n<li>\u2014 door onze technische onderaannemers (hosting, onderhoud, IT-diensten); ;<\/li>\n<li>\u2014 door onze partners die nodig zijn voor de uitvoering van de diensten, waaronder partnerapotheken en logistieke dienstverleners.<\/li>\n<\/ul>\n<p>Wanneer u via de Site een bestelling plaatst bij een partnerapotheek, worden sommige van uw gegevens naar die apotheek verzonden om de validatie en levering van uw bestelling mogelijk te maken.<\/p>\n<\/section>\n<section>\n<h2>Gegevensontvangers<\/h2>\n<p>Uw persoonsgegevens kunnen worden openbaar gemaakt:<\/p>\n<ul>\n<li>aan uzelf of uw naar behoren gemachtigde vertegenwoordigers; ;<\/li>\n<li>aan onze professionele adviseurs (advocaten, deurwaarders) in geval van een geschil; ;<\/li>\n<li>aan de bevoegde overheidsinstanties wanneer dit wettelijk vereist is; ;<\/li>\n<li>aan logistieke dienstverleners (bijv. postdiensten of koeriers) voor levering; ;<\/li>\n<li>aan onze zakelijke partners, strikt noodzakelijk voor de levering van de dienst.<\/li>\n<\/ul>\n<p>Wij zorgen ervoor dat elke ontvanger gegevens verwerkt in overeenstemming met de geldende regelgeving.<\/p>\n<\/section>\n<section>\n<h2>Gegevensoverdracht buiten de EER<\/h2>\n<p>Wij dragen uw persoonsgegevens niet over buiten de Europese Economische Ruimte (EER), tenzij dit noodzakelijk is voor de levering van onze diensten.<\/p>\n<p>In dit geval zorgen we ervoor dat deze overdrachten onderworpen zijn aan passende waarborgen, waaronder:<\/p>\n<ul>\n<li>een adequaatheidsbesluit van de Europese Commissie; ;<\/li>\n<li>of de totstandkoming van standaardcontractbepalingen; ;<\/li>\n<li>en, waar van toepassing, een beoordeling van het niveau van gegevensbescherming in het betreffende land (Transfer Impact Assessment).<\/li>\n<\/ul>\n<p>Voor meer informatie over deze garanties kunt u contact met ons opnemen via onderstaand adres.<\/p>\n<\/section>\n<section>\n<h2>Gegevensbeveiliging<\/h2>\n<p>Wij treffen passende technische en organisatorische maatregelen om de veiligheid, vertrouwelijkheid en integriteit van uw persoonsgegevens te waarborgen.<\/p>\n<p>Deze maatregelen omvatten met name:<\/p>\n<ul>\n<li>toegangscontrolemechanismen voor systemen; ;<\/li>\n<li>Gegevensversleuteling waar nodig; ;<\/li>\n<li>Registratie van toegang en acties; ;<\/li>\n<li>Waar mogelijk worden pseudoniemen toegepast.<\/li>\n<\/ul>\n<\/section>\n<section>\n<h2>Gevoelige gegevens<\/h2>\n<p>Aangezien sommige van de verwerkte gegevens als gevoelige gegevens kunnen worden beschouwd (met name gegevens met betrekking tot de gezondheid), passen we verscherpte beschermingsmaatregelen toe in overeenstemming met de Algemene Verordening Gegevensbescherming en de ontwikkelingen in het Europees kader voor gezondheidsgegevens.<\/p>\n<\/section>\n<section>\n<h2>Bewaartermijn van gegevens<\/h2>\n<p>Wij bewaren uw persoonsgegevens alleen zo lang als nodig is voor de doeleinden waarvoor ze zijn verzameld, in overeenstemming met de Algemene Verordening Gegevensbescherming (AVG).<\/p>\n<p>Om precies te zijn:<\/p>\n<ul>\n<li>De gegevens die aan uw account zijn gekoppeld, worden bewaard gedurende de periode van uw registratie en binnen een redelijke termijn na be\u00ebindiging daarvan verwijderd of geanonimiseerd. ;<\/li>\n<li>Gegevens die nodig zijn voor het nakomen van wettelijke verplichtingen (met name boekhoudkundige verplichtingen) worden bewaard gedurende de periode die is voorgeschreven door de toepasselijke wetgeving (bijvoorbeeld 7 jaar volgens de Belgische wetgeving); ;<\/li>\n<li>Gegevens die als bewijsmateriaal kunnen dienen of in het kader van een rechtszaak kunnen worden gebruikt, worden bewaard gedurende de toepasselijke verjaringstermijnen.<\/li>\n<\/ul>\n<\/section>\n<section>\n<h2>Uw rechten<\/h2>\n<p><strong>Overeenkomstig de geldende regelgeving heeft u de volgende rechten:<\/strong><\/p>\n<ul>\n<li>recht op inzage in uw gegevens; ;<\/li>\n<li>recht op rectificatie van onjuiste of onvolledige gegevens; ;<\/li>\n<li>recht op verwijdering (\u00abrecht om vergeten te worden\u00bb); ;<\/li>\n<li>recht op beperking van de verwerking; ;<\/li>\n<li>recht om bezwaar te maken tegen de verwerking; ;<\/li>\n<li>recht op gegevensoverdracht, indien van toepassing; ;<\/li>\n<li>U hebt het recht om uw toestemming te allen tijde in te trekken, indien de verwerking daarop gebaseerd is.<\/li>\n<\/ul>\n<\/section>\n<section>\n<h2>Hoe u uw rechten kunt uitoefenen<\/h2>\n<p>Om uw rechten uit te oefenen, kunt u contact met ons opnemen:<\/p>\n<ul>\n<li>via e-mail: info@localpharma.be<\/li>\n<li>Per post: LOCALPHARMA, Rue d&#039;Houdeng 224, 7070 Le Roeulx, Belgi\u00eb<\/li>\n<\/ul>\n<p>Een identiteitsbewijs kan alleen worden opgevraagd als er redelijke twijfel bestaat over uw identiteit. Wij zorgen ervoor dat we alleen de strikt noodzakelijke informatie voor deze verificatie verzamelen.<\/p>\n<\/section>\n<section>\n<h2>Geautomatiseerde beslissingen<\/h2>\n<p>Wij maken geen gebruik van geautomatiseerde besluitvorming die rechtsgevolgen voor u heeft of u wezenlijk be\u00efnvloedt in de zin van artikel 22 van de Algemene Verordening Gegevensbescherming.<\/p>\n<\/section>\n<section>\n<h2>Cookies<\/h2>\n<p>Voor meer informatie over het gebruik van cookies en de keuzes die u hebt, kunt u ons cookiebeleid raadplegen.<\/p>\n<\/section>\n<section>\n<h2>Klacht bij de toezichthoudende autoriteit<\/h2>\n<p>Als u van mening bent dat de verwerking van uw gegevens in strijd is met de geldende regelgeving, heeft u het recht om een klacht in te dienen bij de bevoegde autoriteit.<\/p>\n<p><strong>Autoriteit voor gegevensbescherming<\/strong><br \/>Drukpersstraat 35, 1000 Brussel<br \/>\n    <a href=\"\/nl_be\/www.autoriteprotectiondonnees.be\/\" target=\"_blank\" rel=\"noopener noreferrer\">www.autoriteprotectiondonnees.be<\/a>\n  <\/p>\n<\/section>\n<section>\n<h2>Functionaris voor gegevensbescherming (FG)<\/h2>\n<p>Indien wettelijk vereist, hebben wij een functionaris voor gegevensbescherming (FG) aangesteld.<\/p>\n<\/section>\n<section>\n<h2>Wijzigingen in het privacybeleid<\/h2>\n<p><strong>Wij behouden ons het recht voor om dit privacybeleid aan te passen om te voldoen aan wettelijke, regelgevende of technische ontwikkelingen.<\/strong><\/p>\n<p>De meest recente versie is beschikbaar op onze website. Bij ingrijpende wijzigingen wordt u via de daarvoor bestemde kanalen op de hoogte gesteld.<\/p>\n<\/section>","protected":false},"excerpt":{"rendered":"<p>POLITIQUE DE CONFIDENTIALIT\u00c9 LOCALPHARMA La pr\u00e9sente Politique de confidentialit\u00e9 d\u00e9crit la mani\u00e8re dont LOCALPHARMA collecte, utilise et prot\u00e8ge vos donn\u00e9es \u00e0 caract\u00e8re personnel lorsque vous utilisez le site : www.localpharma.be (ci-apr\u00e8s le \u00ab Site \u00bb). Note relative aux mineurs Si vous avez moins de 16 ans (ou l\u2019\u00e2ge de consentement num\u00e9rique applicable dans votre pays [&hellip;]<\/p>\n","protected":false},"author":1,"featured_media":0,"parent":0,"menu_order":0,"comment_status":"closed","ping_status":"closed","template":"","meta":{"footnotes":""},"class_list":["post-81","page","type-page","status-publish","hentry"],"yoast_head":"<!-- This site is optimized with the Yoast SEO plugin v27.5 - https:\/\/yoast.com\/product\/yoast-seo-wordpress\/ -->\n<title>POLITIQUE DE CONFIDENTIALITE LOCALPHARMA | LocalPharma<\/title>\n<meta name=\"robots\" content=\"index, follow, max-snippet:-1, max-image-preview:large, max-video-preview:-1\" \/>\n<link rel=\"canonical\" href=\"https:\/\/localpharma.be\/nl_be\/juridisch\/vertrouwelijkheid\/\" \/>\n<meta property=\"og:locale\" content=\"nl_BE\" \/>\n<meta property=\"og:type\" content=\"article\" \/>\n<meta property=\"og:title\" content=\"POLITIQUE DE CONFIDENTIALITE LOCALPHARMA | LocalPharma\" \/>\n<meta property=\"og:description\" content=\"POLITIQUE DE CONFIDENTIALIT\u00c9 LOCALPHARMA La pr\u00e9sente Politique de confidentialit\u00e9 d\u00e9crit la mani\u00e8re dont LOCALPHARMA collecte, utilise et prot\u00e8ge vos donn\u00e9es \u00e0 caract\u00e8re personnel lorsque vous utilisez le site : www.localpharma.be (ci-apr\u00e8s le \u00ab Site \u00bb). Note relative aux mineurs Si vous avez moins de 16 ans (ou l\u2019\u00e2ge de consentement num\u00e9rique applicable dans votre pays [&hellip;]\" \/>\n<meta property=\"og:url\" content=\"https:\/\/localpharma.be\/nl_be\/juridisch\/vertrouwelijkheid\/\" \/>\n<meta property=\"og:site_name\" content=\"LocalPharma\" \/>\n<meta property=\"article:modified_time\" content=\"2026-04-17T12:29:05+00:00\" \/>\n<meta name=\"twitter:card\" content=\"summary_large_image\" \/>\n<meta name=\"twitter:label1\" content=\"Geschatte leestijd\" \/>\n\t<meta name=\"twitter:data1\" content=\"8 minuten\" \/>\n<script type=\"application\/ld+json\" class=\"yoast-schema-graph\">{\"@context\":\"https:\\\/\\\/schema.org\",\"@graph\":[{\"@type\":\"WebPage\",\"@id\":\"https:\\\/\\\/localpharma.be\\\/legal\\\/confidentiality\\\/\",\"url\":\"https:\\\/\\\/localpharma.be\\\/legal\\\/confidentiality\\\/\",\"name\":\"POLITIQUE DE CONFIDENTIALITE LOCALPHARMA | LocalPharma\",\"isPartOf\":{\"@id\":\"https:\\\/\\\/localpharma.be\\\/#website\"},\"datePublished\":\"2024-09-17T09:48:22+00:00\",\"dateModified\":\"2026-04-17T12:29:05+00:00\",\"breadcrumb\":{\"@id\":\"https:\\\/\\\/localpharma.be\\\/legal\\\/confidentiality\\\/#breadcrumb\"},\"inLanguage\":\"nl-BE\",\"potentialAction\":[{\"@type\":\"ReadAction\",\"target\":[\"https:\\\/\\\/localpharma.be\\\/legal\\\/confidentiality\\\/\"]}]},{\"@type\":\"BreadcrumbList\",\"@id\":\"https:\\\/\\\/localpharma.be\\\/legal\\\/confidentiality\\\/#breadcrumb\",\"itemListElement\":[{\"@type\":\"ListItem\",\"position\":1,\"name\":\"Home\",\"item\":\"https:\\\/\\\/localpharma.be\\\/\"},{\"@type\":\"ListItem\",\"position\":2,\"name\":\"POLITIQUE DE CONFIDENTIALITE LOCALPHARMA\"}]},{\"@type\":\"WebSite\",\"@id\":\"https:\\\/\\\/localpharma.be\\\/#website\",\"url\":\"https:\\\/\\\/localpharma.be\\\/\",\"name\":\"LocalPharma\",\"description\":\"\",\"potentialAction\":[{\"@type\":\"SearchAction\",\"target\":{\"@type\":\"EntryPoint\",\"urlTemplate\":\"https:\\\/\\\/localpharma.be\\\/?s={search_term_string}\"},\"query-input\":{\"@type\":\"PropertyValueSpecification\",\"valueRequired\":true,\"valueName\":\"search_term_string\"}}],\"inLanguage\":\"nl-BE\"}]}<\/script>\n<!-- \/ Yoast SEO plugin. -->","yoast_head_json":{"title":"PRIVACYBELEID LOCALPHARMA","robots":{"index":"index","follow":"follow","max-snippet":"max-snippet:-1","max-image-preview":"max-image-preview:large","max-video-preview":"max-video-preview:-1"},"canonical":"https:\/\/localpharma.be\/nl_be\/juridisch\/vertrouwelijkheid\/","og_locale":"nl_BE","og_type":"article","og_title":"POLITIQUE DE CONFIDENTIALITE LOCALPHARMA | LocalPharma","og_description":"POLITIQUE DE CONFIDENTIALIT\u00c9 LOCALPHARMA La pr\u00e9sente Politique de confidentialit\u00e9 d\u00e9crit la mani\u00e8re dont LOCALPHARMA collecte, utilise et prot\u00e8ge vos donn\u00e9es \u00e0 caract\u00e8re personnel lorsque vous utilisez le site : www.localpharma.be (ci-apr\u00e8s le \u00ab Site \u00bb). Note relative aux mineurs Si vous avez moins de 16 ans (ou l\u2019\u00e2ge de consentement num\u00e9rique applicable dans votre pays [&hellip;]","og_url":"https:\/\/localpharma.be\/nl_be\/juridisch\/vertrouwelijkheid\/","og_site_name":"LocalPharma","article_modified_time":"2026-04-17T12:29:05+00:00","twitter_card":"summary_large_image","twitter_misc":{"Geschatte leestijd":"8 minuten"},"schema":{"@context":"https:\/\/schema.org","@graph":[{"@type":"WebPage","@id":"https:\/\/localpharma.be\/legal\/confidentiality\/","url":"https:\/\/localpharma.be\/legal\/confidentiality\/","name":"PRIVACYBELEID LOCALPHARMA","isPartOf":{"@id":"https:\/\/localpharma.be\/#website"},"datePublished":"2024-09-17T09:48:22+00:00","dateModified":"2026-04-17T12:29:05+00:00","breadcrumb":{"@id":"https:\/\/localpharma.be\/legal\/confidentiality\/#breadcrumb"},"inLanguage":"nl-BE","potentialAction":[{"@type":"ReadAction","target":["https:\/\/localpharma.be\/legal\/confidentiality\/"]}]},{"@type":"BreadcrumbList","@id":"https:\/\/localpharma.be\/legal\/confidentiality\/#breadcrumb","itemListElement":[{"@type":"ListItem","position":1,"name":"Home","item":"https:\/\/localpharma.be\/"},{"@type":"ListItem","position":2,"name":"POLITIQUE DE CONFIDENTIALITE LOCALPHARMA"}]},{"@type":"WebSite","@id":"https:\/\/localpharma.be\/#website","url":"https:\/\/localpharma.be\/","name":"Lokale Farma","description":"","potentialAction":[{"@type":"SearchAction","target":{"@type":"EntryPoint","urlTemplate":"https:\/\/localpharma.be\/?s={search_term_string}"},"query-input":{"@type":"PropertyValueSpecification","valueRequired":true,"valueName":"search_term_string"}}],"inLanguage":"nl-BE"}]}},"_links":{"self":[{"href":"https:\/\/localpharma.be\/nl_be\/wp-json\/wp\/v2\/pages\/81","targetHints":{"allow":["GET"]}}],"collection":[{"href":"https:\/\/localpharma.be\/nl_be\/wp-json\/wp\/v2\/pages"}],"about":[{"href":"https:\/\/localpharma.be\/nl_be\/wp-json\/wp\/v2\/types\/page"}],"author":[{"embeddable":true,"href":"https:\/\/localpharma.be\/nl_be\/wp-json\/wp\/v2\/users\/1"}],"replies":[{"embeddable":true,"href":"https:\/\/localpharma.be\/nl_be\/wp-json\/wp\/v2\/comments?post=81"}],"version-history":[{"count":2,"href":"https:\/\/localpharma.be\/nl_be\/wp-json\/wp\/v2\/pages\/81\/revisions"}],"predecessor-version":[{"id":2651,"href":"https:\/\/localpharma.be\/nl_be\/wp-json\/wp\/v2\/pages\/81\/revisions\/2651"}],"wp:attachment":[{"href":"https:\/\/localpharma.be\/nl_be\/wp-json\/wp\/v2\/media?parent=81"}],"curies":[{"name":"wp","href":"https:\/\/api.w.org\/{rel}","templated":true}]}}